{"id":1010,"date":"2022-06-21T10:50:30","date_gmt":"2022-06-21T08:50:30","guid":{"rendered":"https:\/\/www.altenergy.hu\/power-plants\/papakovacsi-szeleromu\/"},"modified":"2022-09-26T17:53:22","modified_gmt":"2022-09-26T15:53:22","slug":"papakovacsi-wind-turbine","status":"publish","type":"page","link":"https:\/\/altenergy.hu\/en\/power-plants\/papakovacsi-wind-turbine\/","title":{"rendered":"P\u00e1pakov\u00e1csi wind turbine"},"content":{"rendered":"\n  <div class=\"banner has-hover\" id=\"banner-793815966\">\n          <div class=\"banner-inner fill\">\n        <div class=\"banner-bg fill\" >\n            <img loading=\"lazy\" decoding=\"async\" width=\"940\" height=\"590\" src=\"https:\/\/altenergy.hu\/wp-content\/uploads\/2022\/06\/altenergy-papakovacsi-szeleromu-02.jpg\" class=\"bg attachment-original size-original\" alt=\"Altenergy - Er\u0151m\u0171vek - P\u00e1pakov\u00e1csi sz\u00e9ler\u0151m\u0171\" \/>                                    \n                    <\/div>\n\t\t\n        <div class=\"banner-layers container\">\n            <div class=\"fill banner-link\"><\/div>            \n   <div id=\"text-box-1585888632\" class=\"text-box banner-layer x5 md-x5 lg-x0 y50 md-y50 lg-y50 res-text\">\n                                <div class=\"text-box-content text dark\">\n              \n              <div class=\"text-inner text-left\">\n                  \n\t<div id=\"text-4003408939\" class=\"text\">\n\t\t\n<h1><strong>P\u00e1pakov\u00e1csi wind turbine<\/strong><\/h1>\n<p>Renewables-based energy production<\/p>\n\t\t\n<style>\n#text-4003408939 {\n  font-size: 0.75rem;\n}\n@media (min-width:550px) {\n  #text-4003408939 {\n    font-size: 0.85rem;\n  }\n}\n<\/style>\n\t<\/div>\n\t\n              <\/div>\n           <\/div>\n                            \n<style>\n#text-box-1585888632 {\n  width: 76%;\n}\n#text-box-1585888632 .text-box-content {\n  font-size: 100%;\n}\n@media (min-width:850px) {\n  #text-box-1585888632 {\n    width: 60%;\n  }\n}\n<\/style>\n    <\/div>\n \n        <\/div>\n      <\/div>\n\n            \n<style>\n#banner-793815966 {\n  padding-top: 50%;\n}\n#banner-793815966 .banner-bg img {\n  object-position: 47% 28%;\n}\n@media (min-width:550px) {\n  #banner-793815966 {\n    padding-top: 25%;\n  }\n}\n<\/style>\n  <\/div>\n\n\n\n\t<section class=\"section\" id=\"section_613844705\">\n\t\t<div class=\"section-bg fill\" >\n\t\t\t\t\t\t\t\t\t\n\t\t\t\n\n\t\t<\/div>\n\n\t\t\n\n\t\t<div class=\"section-content relative\">\n\t\t\t\n\n<div class=\"row row-collapse iconrow\"  id=\"row-899496590\">\n\n\n\t<div id=\"col-1182586148\" class=\"col medium-3 small-6 large-3\"  >\n\t\t\t\t<div class=\"col-inner\"  >\n\t\t\t\n\t\t\t\n\n\n\t<a class=\"plain\" href=\"https:\/\/www.altenergy.hu\/en\/request-electricity-quote\/\" >\t<div class=\"icon-box featured-box icon-box-center text-center\"  >\n\t\t\t\t\t<div class=\"icon-box-img has-icon-bg\" style=\"width: 64px\">\n\t\t\t\t<div class=\"icon\">\n\t\t\t\t\t<div class=\"icon-inner\" style=\"border-width:2px;\">\n\t\t\t\t\t\t<img loading=\"lazy\" decoding=\"async\" width=\"64\" height=\"64\" src=\"https:\/\/altenergy.hu\/wp-content\/uploads\/2022\/07\/altenergy-villamosenergia_kiskereskedelem-icon.png\" class=\"attachment-medium size-medium\" alt=\"\" \/>\t\t\t\t\t<\/div>\n\t\t\t\t<\/div>\n\t\t\t<\/div>\n\t\t\t\t<div class=\"icon-box-text last-reset\">\n\t\t\t\t\t\t\t\t\t\n\n\t<div id=\"text-2980301797\" class=\"text\">\n\t\t\n\n<p><a href=\"https:\/\/www.altenergy.hu\/en\/request-electricity-quote\/\">Request electricity quote<\/a><\/p>\n\t\t\n<style>\n#text-2980301797 {\n  color: rgb(0, 183, 206);\n}\n#text-2980301797 > * {\n  color: rgb(0, 183, 206);\n}\n<\/style>\n\t<\/div>\n\t\n\n\t\t<\/div>\n\t<\/div>\n\t<\/a>\n\t\n\n\t\t<\/div>\n\t\t\t\t\t<\/div>\n\n\t\n\n\t<div id=\"col-1741624557\" class=\"col medium-3 small-6 large-3\"  >\n\t\t\t\t<div class=\"col-inner\"  >\n\t\t\t\n\t\t\t\n\n\n\t<a class=\"plain\" href=\"https:\/\/www.altenergy.hu\/en\/request-natural-gas-quote\/\" >\t<div class=\"icon-box featured-box icon-box-center text-center\"  >\n\t\t\t\t\t<div class=\"icon-box-img has-icon-bg\" style=\"width: 64px\">\n\t\t\t\t<div class=\"icon\">\n\t\t\t\t\t<div class=\"icon-inner\" style=\"border-width:2px;\">\n\t\t\t\t\t\t<img loading=\"lazy\" decoding=\"async\" width=\"64\" height=\"64\" src=\"https:\/\/altenergy.hu\/wp-content\/uploads\/2022\/07\/altenergy-foldgaz_kiskereskedelem-icon.png\" class=\"attachment-medium size-medium\" alt=\"\" \/>\t\t\t\t\t<\/div>\n\t\t\t\t<\/div>\n\t\t\t<\/div>\n\t\t\t\t<div class=\"icon-box-text last-reset\">\n\t\t\t\t\t\t\t\t\t\n\n\t<div id=\"text-728311741\" class=\"text\">\n\t\t\n\n<p><a href=\"https:\/\/www.altenergy.hu\/en\/request-natural-gas-quote\/\">Request natural gas quote<\/a><\/p>\n\t\t\n<style>\n#text-728311741 {\n  color: rgb(0, 183, 206);\n}\n#text-728311741 > * {\n  color: rgb(0, 183, 206);\n}\n<\/style>\n\t<\/div>\n\t\n\n\t\t<\/div>\n\t<\/div>\n\t<\/a>\n\t\n\n\t\t<\/div>\n\t\t\t\t\t<\/div>\n\n\t\n\n\t<div id=\"col-885448039\" class=\"col medium-3 small-6 large-3\"  >\n\t\t\t\t<div class=\"col-inner\"  >\n\t\t\t\n\t\t\t\n\n\n\t<a class=\"plain\" href=\"https:\/\/www.altenergy.hu\/en\/contact\/\" >\t<div class=\"icon-box featured-box icon-box-center text-center\"  >\n\t\t\t\t\t<div class=\"icon-box-img has-icon-bg\" style=\"width: 64px\">\n\t\t\t\t<div class=\"icon\">\n\t\t\t\t\t<div class=\"icon-inner\" style=\"border-width:2px;\">\n\t\t\t\t\t\t<img loading=\"lazy\" decoding=\"async\" width=\"64\" height=\"64\" src=\"https:\/\/altenergy.hu\/wp-content\/uploads\/2022\/07\/altenergy-kontakt-icon.png\" class=\"attachment-medium size-medium\" alt=\"\" \/>\t\t\t\t\t<\/div>\n\t\t\t\t<\/div>\n\t\t\t<\/div>\n\t\t\t\t<div class=\"icon-box-text last-reset\">\n\t\t\t\t\t\t\t\t\t\n\n\t<div id=\"text-3756829624\" class=\"text\">\n\t\t\n\n<p><a href=\"https:\/\/www.altenergy.hu\/en\/contact\/\">Contact details<\/a><\/p>\n\t\t\n<style>\n#text-3756829624 {\n  color: rgb(0, 183, 206);\n}\n#text-3756829624 > * {\n  color: rgb(0, 183, 206);\n}\n<\/style>\n\t<\/div>\n\t\n\n\t\t<\/div>\n\t<\/div>\n\t<\/a>\n\t\n\n\t\t<\/div>\n\t\t\t\t\t<\/div>\n\n\t\n\n\t<div id=\"col-425685409\" class=\"col medium-3 small-6 large-3\"  >\n\t\t\t\t<div class=\"col-inner\"  >\n\t\t\t\n\t\t\t\n\n\n\t<a class=\"plain\" href=\"https:\/\/ugyfelkapu.alteo.hu\/\" target=\"_blank\" rel=\"noopener\" >\t<div class=\"icon-box featured-box icon-box-center text-center\"  >\n\t\t\t\t\t<div class=\"icon-box-img has-icon-bg\" style=\"width: 64px\">\n\t\t\t\t<div class=\"icon\">\n\t\t\t\t\t<div class=\"icon-inner\" style=\"border-width:2px;\">\n\t\t\t\t\t\t<img loading=\"lazy\" decoding=\"async\" width=\"64\" height=\"64\" src=\"https:\/\/altenergy.hu\/wp-content\/uploads\/2022\/07\/altenergy-ugyfelkapu-icon.png\" class=\"attachment-medium size-medium\" alt=\"\" \/>\t\t\t\t\t<\/div>\n\t\t\t\t<\/div>\n\t\t\t<\/div>\n\t\t\t\t<div class=\"icon-box-text last-reset\">\n\t\t\t\t\t\t\t\t\t\n\n\t<div id=\"text-1593673138\" class=\"text\">\n\t\t\n\n<p><a href=\"https:\/\/ugyfelkapu.alteo.hu\/\" target=\"_blank\" rel=\"noopener\">Client area<\/a><\/p>\n\t\t\n<style>\n#text-1593673138 {\n  color: rgb(0, 183, 206);\n}\n#text-1593673138 > * {\n  color: rgb(0, 183, 206);\n}\n<\/style>\n\t<\/div>\n\t\n\n\t\t<\/div>\n\t<\/div>\n\t<\/a>\n\t\n\n\t\t<\/div>\n\t\t\t\t\t<\/div>\n\n\t\n\n<\/div>\n\n\t\t<\/div>\n\n\t\t\n<style>\n#section_613844705 {\n  padding-top: 30px;\n  padding-bottom: 30px;\n  background-color: rgb(244, 244, 244);\n}\n<\/style>\n\t<\/section>\n\t\n\t<div id=\"gap-1602126982\" class=\"gap-element clearfix\" style=\"display:block; height:auto;\">\n\t\t\n<style>\n#gap-1602126982 {\n  padding-top: 60px;\n}\n<\/style>\n\t<\/div>\n\t\n<div class=\"row\"  id=\"row-363078147\">\n\n\t<div id=\"col-1147327415\" class=\"col medium-6 small-12 large-6\"  >\n\t\t\t\t<div class=\"col-inner\"  >\n\t\t\t\n\t\t\t\n<p>Located outside the municipality of P\u00e1pakov\u00e1csi, 8 kilometres from P\u00e1pa, in the Bakony hills, ALTEO operates its VESTAS V90 wind turbine with a tower height of 105 m and an electrical output of 2 MW.<\/p>\n<p>The unit was delivered and put into operation in December 2008 and its owner, CLEAN ENERGY Kft., was brought into our Group through acquisition in May 2012.<\/p>\n\t\t<\/div>\n\t\t\t\t\t<\/div>\n\n\t\n\n\t<div id=\"col-1662240657\" class=\"col medium-6 small-12 large-6\"  >\n\t\t\t\t<div class=\"col-inner\"  >\n\t\t\t\n\t\t\t\n\n  \n    <div class=\"row large-columns-2 medium-columns- small-columns- row-xsmall\" >\n  <div class=\"gallery-col col\" >\n          <div class=\"col-inner\">\n            <a class=\"image-lightbox lightbox-gallery\" href=\"https:\/\/altenergy.hu\/wp-content\/uploads\/2022\/06\/altenergy-papakovacsi-szeleromu-02.jpg\" title=\"\">            <div class=\"box has-hover gallery-box box-overlay dark\">\n              <div class=\"box-image\" >\n                <img loading=\"lazy\" decoding=\"async\" width=\"300\" height=\"188\" src=\"https:\/\/altenergy.hu\/wp-content\/uploads\/2022\/06\/altenergy-papakovacsi-szeleromu-02-300x188.jpg\" class=\"attachment-medium size-medium\" alt=\"\" ids=\"687,688\" col_spacing=\"xsmall\" columns=\"2\" srcset=\"https:\/\/altenergy.hu\/wp-content\/uploads\/2022\/06\/altenergy-papakovacsi-szeleromu-02-300x188.jpg 300w, https:\/\/altenergy.hu\/wp-content\/uploads\/2022\/06\/altenergy-papakovacsi-szeleromu-02-768x482.jpg 768w, https:\/\/altenergy.hu\/wp-content\/uploads\/2022\/06\/altenergy-papakovacsi-szeleromu-02.jpg 940w\" sizes=\"auto, (max-width: 300px) 100vw, 300px\" \/>                                  <div class=\"overlay fill\"\n                      style=\"background-color: rgba(0,0,0,.15)\">\n                  <\/div>\n                                                              <\/div>\n              <div class=\"box-text text-left\" >\n                 <p><\/p>\n              <\/div>\n            <\/div>\n            <\/a>          <\/div>\n         <\/div><div class=\"gallery-col col\" >\n          <div class=\"col-inner\">\n            <a class=\"image-lightbox lightbox-gallery\" href=\"https:\/\/altenergy.hu\/wp-content\/uploads\/2022\/06\/altenergy-papakovacsi-szeleromu-01.jpg\" title=\"\">            <div class=\"box has-hover gallery-box box-overlay dark\">\n              <div class=\"box-image\" >\n                <img loading=\"lazy\" decoding=\"async\" width=\"300\" height=\"188\" src=\"https:\/\/altenergy.hu\/wp-content\/uploads\/2022\/06\/altenergy-papakovacsi-szeleromu-01-300x188.jpg\" class=\"attachment-medium size-medium\" alt=\"\" ids=\"687,688\" col_spacing=\"xsmall\" columns=\"2\" srcset=\"https:\/\/altenergy.hu\/wp-content\/uploads\/2022\/06\/altenergy-papakovacsi-szeleromu-01-300x188.jpg 300w, https:\/\/altenergy.hu\/wp-content\/uploads\/2022\/06\/altenergy-papakovacsi-szeleromu-01-768x482.jpg 768w, https:\/\/altenergy.hu\/wp-content\/uploads\/2022\/06\/altenergy-papakovacsi-szeleromu-01.jpg 940w\" sizes=\"auto, (max-width: 300px) 100vw, 300px\" \/>                                  <div class=\"overlay fill\"\n                      style=\"background-color: rgba(0,0,0,.15)\">\n                  <\/div>\n                                                              <\/div>\n              <div class=\"box-text text-left\" >\n                 <p><\/p>\n              <\/div>\n            <\/div>\n            <\/a>          <\/div>\n         <\/div><\/div>\n\t\t<\/div>\n\t\t\t\t\t<\/div>\n\n\t\n<\/div>\n","protected":false},"excerpt":{"rendered":"","protected":false},"author":1,"featured_media":0,"parent":800,"menu_order":0,"comment_status":"closed","ping_status":"closed","template":"page-blank.php","meta":{"footnotes":""},"class_list":["post-1010","page","type-page","status-publish","hentry"],"yoast_head":"<!-- This site is optimized with the Yoast SEO plugin v26.8 - https:\/\/yoast.com\/product\/yoast-seo-wordpress\/ -->\n<title>P\u00e1pakov\u00e1csi wind turbine - Altenergy<\/title>\n<meta name=\"robots\" content=\"index, follow, max-snippet:-1, max-image-preview:large, max-video-preview:-1\" \/>\n<link rel=\"canonical\" href=\"https:\/\/app-app042altener-prod-neu-001.azurewebsites.net\/en\/power-plants\/papakovacsi-wind-turbine\/\" \/>\n<meta property=\"og:locale\" content=\"en_US\" \/>\n<meta property=\"og:type\" content=\"article\" \/>\n<meta property=\"og:title\" content=\"P\u00e1pakov\u00e1csi wind turbine - Altenergy\" \/>\n<meta property=\"og:url\" content=\"https:\/\/app-app042altener-prod-neu-001.azurewebsites.net\/en\/power-plants\/papakovacsi-wind-turbine\/\" \/>\n<meta property=\"og:site_name\" content=\"Altenergy\" \/>\n<meta property=\"article:modified_time\" content=\"2022-09-26T15:53:22+00:00\" \/>\n<meta name=\"twitter:card\" content=\"summary_large_image\" \/>\n<meta name=\"twitter:label1\" content=\"Est. reading time\" \/>\n\t<meta name=\"twitter:data1\" content=\"1 minute\" \/>\n<script type=\"application\/ld+json\" class=\"yoast-schema-graph\">{\"@context\":\"https:\/\/schema.org\",\"@graph\":[{\"@type\":\"WebPage\",\"@id\":\"https:\/\/app-app042altener-prod-neu-001.azurewebsites.net\/en\/power-plants\/papakovacsi-wind-turbine\/\",\"url\":\"https:\/\/app-app042altener-prod-neu-001.azurewebsites.net\/en\/power-plants\/papakovacsi-wind-turbine\/\",\"name\":\"P\u00e1pakov\u00e1csi wind turbine - Altenergy\",\"isPartOf\":{\"@id\":\"http:\/\/app-app042altener-prod-neu-001.azurewebsites.net\/#website\"},\"datePublished\":\"2022-06-21T08:50:30+00:00\",\"dateModified\":\"2022-09-26T15:53:22+00:00\",\"breadcrumb\":{\"@id\":\"https:\/\/app-app042altener-prod-neu-001.azurewebsites.net\/en\/power-plants\/papakovacsi-wind-turbine\/#breadcrumb\"},\"inLanguage\":\"en-US\",\"potentialAction\":[{\"@type\":\"ReadAction\",\"target\":[\"https:\/\/app-app042altener-prod-neu-001.azurewebsites.net\/en\/power-plants\/papakovacsi-wind-turbine\/\"]}]},{\"@type\":\"BreadcrumbList\",\"@id\":\"https:\/\/app-app042altener-prod-neu-001.azurewebsites.net\/en\/power-plants\/papakovacsi-wind-turbine\/#breadcrumb\",\"itemListElement\":[{\"@type\":\"ListItem\",\"position\":1,\"name\":\"Kezd\u0151lap\",\"item\":\"https:\/\/altenergy.hu\/en\/\"},{\"@type\":\"ListItem\",\"position\":2,\"name\":\"Power plants\",\"item\":\"https:\/\/app-app042altener-prod-neu-001.azurewebsites.net\/en\/power-plants\/\"},{\"@type\":\"ListItem\",\"position\":3,\"name\":\"P\u00e1pakov\u00e1csi wind turbine\"}]},{\"@type\":\"WebSite\",\"@id\":\"http:\/\/app-app042altener-prod-neu-001.azurewebsites.net\/#website\",\"url\":\"http:\/\/app-app042altener-prod-neu-001.azurewebsites.net\/\",\"name\":\"Altenergy\",\"description\":\"\",\"potentialAction\":[{\"@type\":\"SearchAction\",\"target\":{\"@type\":\"EntryPoint\",\"urlTemplate\":\"http:\/\/app-app042altener-prod-neu-001.azurewebsites.net\/?s={search_term_string}\"},\"query-input\":{\"@type\":\"PropertyValueSpecification\",\"valueRequired\":true,\"valueName\":\"search_term_string\"}}],\"inLanguage\":\"en-US\"}]}<\/script>\n<!-- \/ Yoast SEO plugin. -->","yoast_head_json":{"title":"P\u00e1pakov\u00e1csi wind turbine - Altenergy","robots":{"index":"index","follow":"follow","max-snippet":"max-snippet:-1","max-image-preview":"max-image-preview:large","max-video-preview":"max-video-preview:-1"},"canonical":"https:\/\/app-app042altener-prod-neu-001.azurewebsites.net\/en\/power-plants\/papakovacsi-wind-turbine\/","og_locale":"en_US","og_type":"article","og_title":"P\u00e1pakov\u00e1csi wind turbine - Altenergy","og_url":"https:\/\/app-app042altener-prod-neu-001.azurewebsites.net\/en\/power-plants\/papakovacsi-wind-turbine\/","og_site_name":"Altenergy","article_modified_time":"2022-09-26T15:53:22+00:00","twitter_card":"summary_large_image","twitter_misc":{"Est. reading time":"1 minute"},"schema":{"@context":"https:\/\/schema.org","@graph":[{"@type":"WebPage","@id":"https:\/\/app-app042altener-prod-neu-001.azurewebsites.net\/en\/power-plants\/papakovacsi-wind-turbine\/","url":"https:\/\/app-app042altener-prod-neu-001.azurewebsites.net\/en\/power-plants\/papakovacsi-wind-turbine\/","name":"P\u00e1pakov\u00e1csi wind turbine - Altenergy","isPartOf":{"@id":"http:\/\/app-app042altener-prod-neu-001.azurewebsites.net\/#website"},"datePublished":"2022-06-21T08:50:30+00:00","dateModified":"2022-09-26T15:53:22+00:00","breadcrumb":{"@id":"https:\/\/app-app042altener-prod-neu-001.azurewebsites.net\/en\/power-plants\/papakovacsi-wind-turbine\/#breadcrumb"},"inLanguage":"en-US","potentialAction":[{"@type":"ReadAction","target":["https:\/\/app-app042altener-prod-neu-001.azurewebsites.net\/en\/power-plants\/papakovacsi-wind-turbine\/"]}]},{"@type":"BreadcrumbList","@id":"https:\/\/app-app042altener-prod-neu-001.azurewebsites.net\/en\/power-plants\/papakovacsi-wind-turbine\/#breadcrumb","itemListElement":[{"@type":"ListItem","position":1,"name":"Kezd\u0151lap","item":"https:\/\/altenergy.hu\/en\/"},{"@type":"ListItem","position":2,"name":"Power plants","item":"https:\/\/app-app042altener-prod-neu-001.azurewebsites.net\/en\/power-plants\/"},{"@type":"ListItem","position":3,"name":"P\u00e1pakov\u00e1csi wind turbine"}]},{"@type":"WebSite","@id":"http:\/\/app-app042altener-prod-neu-001.azurewebsites.net\/#website","url":"http:\/\/app-app042altener-prod-neu-001.azurewebsites.net\/","name":"Altenergy","description":"","potentialAction":[{"@type":"SearchAction","target":{"@type":"EntryPoint","urlTemplate":"http:\/\/app-app042altener-prod-neu-001.azurewebsites.net\/?s={search_term_string}"},"query-input":{"@type":"PropertyValueSpecification","valueRequired":true,"valueName":"search_term_string"}}],"inLanguage":"en-US"}]}},"_links":{"self":[{"href":"https:\/\/altenergy.hu\/en\/wp-json\/wp\/v2\/pages\/1010","targetHints":{"allow":["GET"]}}],"collection":[{"href":"https:\/\/altenergy.hu\/en\/wp-json\/wp\/v2\/pages"}],"about":[{"href":"https:\/\/altenergy.hu\/en\/wp-json\/wp\/v2\/types\/page"}],"author":[{"embeddable":true,"href":"https:\/\/altenergy.hu\/en\/wp-json\/wp\/v2\/users\/1"}],"replies":[{"embeddable":true,"href":"https:\/\/altenergy.hu\/en\/wp-json\/wp\/v2\/comments?post=1010"}],"version-history":[{"count":3,"href":"https:\/\/altenergy.hu\/en\/wp-json\/wp\/v2\/pages\/1010\/revisions"}],"predecessor-version":[{"id":1013,"href":"https:\/\/altenergy.hu\/en\/wp-json\/wp\/v2\/pages\/1010\/revisions\/1013"}],"up":[{"embeddable":true,"href":"https:\/\/altenergy.hu\/en\/wp-json\/wp\/v2\/pages\/800"}],"wp:attachment":[{"href":"https:\/\/altenergy.hu\/en\/wp-json\/wp\/v2\/media?parent=1010"}],"curies":[{"name":"wp","href":"https:\/\/api.w.org\/{rel}","templated":true}]}}