{"id":1016,"date":"2022-06-21T10:05:44","date_gmt":"2022-06-21T08:05:44","guid":{"rendered":"https:\/\/www.altenergy.hu\/power-plants\/gibart-vizeromu\/"},"modified":"2022-09-26T17:57:29","modified_gmt":"2022-09-26T15:57:29","slug":"gibart-hydropower-plant","status":"publish","type":"page","link":"https:\/\/altenergy.hu\/en\/power-plants\/gibart-hydropower-plant\/","title":{"rendered":"Gib\u00e1rt hydropower plant"},"content":{"rendered":"\n  <div class=\"banner has-hover\" id=\"banner-1106688955\">\n          <div class=\"banner-inner fill\">\n        <div class=\"banner-bg fill\" >\n            <img loading=\"lazy\" decoding=\"async\" width=\"1700\" height=\"1107\" src=\"https:\/\/altenergy.hu\/wp-content\/uploads\/2022\/06\/altenergy-gibart-vizeromu-02.jpg\" class=\"bg attachment-original size-original\" alt=\"Altenergy - Er\u0151m\u0171vek - Gib\u00e1rt v\u00edzer\u0151m\u0171\" \/>                                    \n                    <\/div>\n\t\t\n        <div class=\"banner-layers container\">\n            <div class=\"fill banner-link\"><\/div>            \n   <div id=\"text-box-758440092\" class=\"text-box banner-layer x5 md-x5 lg-x0 y50 md-y50 lg-y50 res-text\">\n                                <div class=\"text-box-content text dark\">\n              \n              <div class=\"text-inner text-left\">\n                  \n\t<div id=\"text-1223315446\" class=\"text\">\n\t\t\n<h1><strong>Gib\u00e1rt hydropower plant<\/strong><\/h1>\n<p>Renewables-based energy production<\/p>\n\t\t\n<style>\n#text-1223315446 {\n  font-size: 0.75rem;\n}\n@media (min-width:550px) {\n  #text-1223315446 {\n    font-size: 0.85rem;\n  }\n}\n<\/style>\n\t<\/div>\n\t\n              <\/div>\n           <\/div>\n                            \n<style>\n#text-box-758440092 {\n  width: 76%;\n}\n#text-box-758440092 .text-box-content {\n  font-size: 100%;\n}\n@media (min-width:850px) {\n  #text-box-758440092 {\n    width: 60%;\n  }\n}\n<\/style>\n    <\/div>\n \n        <\/div>\n      <\/div>\n\n            \n<style>\n#banner-1106688955 {\n  padding-top: 50%;\n}\n#banner-1106688955 .banner-bg img {\n  object-position: 51% 12%;\n}\n@media (min-width:550px) {\n  #banner-1106688955 {\n    padding-top: 25%;\n  }\n}\n<\/style>\n  <\/div>\n\n\n\n\t<section class=\"section\" id=\"section_548185307\">\n\t\t<div class=\"section-bg fill\" >\n\t\t\t\t\t\t\t\t\t\n\t\t\t\n\n\t\t<\/div>\n\n\t\t\n\n\t\t<div class=\"section-content relative\">\n\t\t\t\n\n<div class=\"row row-collapse iconrow\"  id=\"row-2012049241\">\n\n\n\t<div id=\"col-1624663148\" class=\"col medium-3 small-6 large-3\"  >\n\t\t\t\t<div class=\"col-inner\"  >\n\t\t\t\n\t\t\t\n\n\n\t<a class=\"plain\" href=\"https:\/\/www.altenergy.hu\/en\/request-electricity-quote\/\" >\t<div class=\"icon-box featured-box icon-box-center text-center\"  >\n\t\t\t\t\t<div class=\"icon-box-img has-icon-bg\" style=\"width: 64px\">\n\t\t\t\t<div class=\"icon\">\n\t\t\t\t\t<div class=\"icon-inner\" style=\"border-width:2px;\">\n\t\t\t\t\t\t<img loading=\"lazy\" decoding=\"async\" width=\"64\" height=\"64\" src=\"https:\/\/altenergy.hu\/wp-content\/uploads\/2022\/07\/altenergy-villamosenergia_kiskereskedelem-icon.png\" class=\"attachment-medium size-medium\" alt=\"\" \/>\t\t\t\t\t<\/div>\n\t\t\t\t<\/div>\n\t\t\t<\/div>\n\t\t\t\t<div class=\"icon-box-text last-reset\">\n\t\t\t\t\t\t\t\t\t\n\n\t<div id=\"text-4104606763\" class=\"text\">\n\t\t\n\n<p><a href=\"https:\/\/www.altenergy.hu\/en\/request-electricity-quote\/\">Request electricity quote<\/a><\/p>\n\t\t\n<style>\n#text-4104606763 {\n  color: rgb(0, 183, 206);\n}\n#text-4104606763 > * {\n  color: rgb(0, 183, 206);\n}\n<\/style>\n\t<\/div>\n\t\n\n\t\t<\/div>\n\t<\/div>\n\t<\/a>\n\t\n\n\t\t<\/div>\n\t\t\t\t\t<\/div>\n\n\t\n\n\t<div id=\"col-131276555\" class=\"col medium-3 small-6 large-3\"  >\n\t\t\t\t<div class=\"col-inner\"  >\n\t\t\t\n\t\t\t\n\n\n\t<a class=\"plain\" href=\"https:\/\/www.altenergy.hu\/en\/request-natural-gas-quote\/\" >\t<div class=\"icon-box featured-box icon-box-center text-center\"  >\n\t\t\t\t\t<div class=\"icon-box-img has-icon-bg\" style=\"width: 64px\">\n\t\t\t\t<div class=\"icon\">\n\t\t\t\t\t<div class=\"icon-inner\" style=\"border-width:2px;\">\n\t\t\t\t\t\t<img loading=\"lazy\" decoding=\"async\" width=\"64\" height=\"64\" src=\"https:\/\/altenergy.hu\/wp-content\/uploads\/2022\/07\/altenergy-foldgaz_kiskereskedelem-icon.png\" class=\"attachment-medium size-medium\" alt=\"\" \/>\t\t\t\t\t<\/div>\n\t\t\t\t<\/div>\n\t\t\t<\/div>\n\t\t\t\t<div class=\"icon-box-text last-reset\">\n\t\t\t\t\t\t\t\t\t\n\n\t<div id=\"text-3436134473\" class=\"text\">\n\t\t\n\n<p><a href=\"https:\/\/www.altenergy.hu\/en\/request-natural-gas-quote\/\">Request natural gas quote<\/a><\/p>\n\t\t\n<style>\n#text-3436134473 {\n  color: rgb(0, 183, 206);\n}\n#text-3436134473 > * {\n  color: rgb(0, 183, 206);\n}\n<\/style>\n\t<\/div>\n\t\n\n\t\t<\/div>\n\t<\/div>\n\t<\/a>\n\t\n\n\t\t<\/div>\n\t\t\t\t\t<\/div>\n\n\t\n\n\t<div id=\"col-154512286\" class=\"col medium-3 small-6 large-3\"  >\n\t\t\t\t<div class=\"col-inner\"  >\n\t\t\t\n\t\t\t\n\n\n\t<a class=\"plain\" href=\"https:\/\/www.altenergy.hu\/en\/contact\/\" >\t<div class=\"icon-box featured-box icon-box-center text-center\"  >\n\t\t\t\t\t<div class=\"icon-box-img has-icon-bg\" style=\"width: 64px\">\n\t\t\t\t<div class=\"icon\">\n\t\t\t\t\t<div class=\"icon-inner\" style=\"border-width:2px;\">\n\t\t\t\t\t\t<img loading=\"lazy\" decoding=\"async\" width=\"64\" height=\"64\" src=\"https:\/\/altenergy.hu\/wp-content\/uploads\/2022\/07\/altenergy-kontakt-icon.png\" class=\"attachment-medium size-medium\" alt=\"\" \/>\t\t\t\t\t<\/div>\n\t\t\t\t<\/div>\n\t\t\t<\/div>\n\t\t\t\t<div class=\"icon-box-text last-reset\">\n\t\t\t\t\t\t\t\t\t\n\n\t<div id=\"text-3310294675\" class=\"text\">\n\t\t\n\n<p><a href=\"https:\/\/www.altenergy.hu\/en\/contact\/\">Contact details<\/a><\/p>\n\t\t\n<style>\n#text-3310294675 {\n  color: rgb(0, 183, 206);\n}\n#text-3310294675 > * {\n  color: rgb(0, 183, 206);\n}\n<\/style>\n\t<\/div>\n\t\n\n\t\t<\/div>\n\t<\/div>\n\t<\/a>\n\t\n\n\t\t<\/div>\n\t\t\t\t\t<\/div>\n\n\t\n\n\t<div id=\"col-730005362\" class=\"col medium-3 small-6 large-3\"  >\n\t\t\t\t<div class=\"col-inner\"  >\n\t\t\t\n\t\t\t\n\n\n\t<a class=\"plain\" href=\"https:\/\/ugyfelkapu.alteo.hu\/\" target=\"_blank\" rel=\"noopener\" >\t<div class=\"icon-box featured-box icon-box-center text-center\"  >\n\t\t\t\t\t<div class=\"icon-box-img has-icon-bg\" style=\"width: 64px\">\n\t\t\t\t<div class=\"icon\">\n\t\t\t\t\t<div class=\"icon-inner\" style=\"border-width:2px;\">\n\t\t\t\t\t\t<img loading=\"lazy\" decoding=\"async\" width=\"64\" height=\"64\" src=\"https:\/\/altenergy.hu\/wp-content\/uploads\/2022\/07\/altenergy-ugyfelkapu-icon.png\" class=\"attachment-medium size-medium\" alt=\"\" \/>\t\t\t\t\t<\/div>\n\t\t\t\t<\/div>\n\t\t\t<\/div>\n\t\t\t\t<div class=\"icon-box-text last-reset\">\n\t\t\t\t\t\t\t\t\t\n\n\t<div id=\"text-3654423314\" class=\"text\">\n\t\t\n\n<p><a href=\"https:\/\/ugyfelkapu.alteo.hu\/\" target=\"_blank\" rel=\"noopener\">Client area<\/a><\/p>\n\t\t\n<style>\n#text-3654423314 {\n  color: rgb(0, 183, 206);\n}\n#text-3654423314 > * {\n  color: rgb(0, 183, 206);\n}\n<\/style>\n\t<\/div>\n\t\n\n\t\t<\/div>\n\t<\/div>\n\t<\/a>\n\t\n\n\t\t<\/div>\n\t\t\t\t\t<\/div>\n\n\t\n\n<\/div>\n\n\t\t<\/div>\n\n\t\t\n<style>\n#section_548185307 {\n  padding-top: 30px;\n  padding-bottom: 30px;\n  background-color: rgb(244, 244, 244);\n}\n<\/style>\n\t<\/section>\n\t\n\t<div id=\"gap-1101678691\" class=\"gap-element clearfix\" style=\"display:block; height:auto;\">\n\t\t\n<style>\n#gap-1101678691 {\n  padding-top: 60px;\n}\n<\/style>\n\t<\/div>\n\t\n<div class=\"row\"  id=\"row-1059155645\">\n\n\t<div id=\"col-181836745\" class=\"col medium-6 small-12 large-6\"  >\n\t\t\t\t<div class=\"col-inner\"  >\n\t\t\t\n\t\t\t\n<p><b>Site:<\/b>\u00a03854 Gib\u00e1rt, Kossuth Lajos u. 16.<\/p>\n<p>The village of Gib\u00e1rt is located in Borsod-Aba\u00faj-Zempl\u00e9n County, next to the Hern\u00e1d River, 58 km from its estuary. Here you can find the hydroelectric power plant designed in 1901, built in 1902 and put into operation in 1903.<\/p>\n<p>The hydropower plant is the property of Northern Hungary Electricity Supply Plc (\u00c9M\u00c1SZ). Based on the contracts concluded in 2004 by \u00c9M\u00c1SZ Plc. and Sinergy Kft., which has been a member of the ALTEO Group since May 2015, the ALTEO Group currently participates in the operation of the hydropower plant as a tenant and operator.<\/p>\n<p>In December 2020, ALTEO completed the 1 year-long refurbishment of the declared monument Hydropower Plant, which has been in operation for more than 100 years, to ensure its continued long-term, reliable, and economical operation.<\/p>\n<p>The aim of the reconstruction works was also to increase the utilization of the available natural resources (the Hern\u00e1d river). ALTEO Plc. renovated and modernized the power plant within the framework of an investment of HUF 1.2 billion, during which it replaced the previous technology with a more powerful and modern one and renovated the monumental building: the entire construction was carried out with preserving the monumental character of the original power plant.<\/p>\n\t\t<\/div>\n\t\t\t\t\t<\/div>\n\n\t\n\n\t<div id=\"col-9948523\" class=\"col medium-6 small-12 large-6\"  >\n\t\t\t\t<div class=\"col-inner\"  >\n\t\t\t\n\t\t\t\n\n  \n    <div id=\"gallery-1998465139\" class=\"row large-columns-2 medium-columns- small-columns- row-small row-masonry\" data-packery-options='{\"itemSelector\": \".col\", \"gutter\": 0, \"presentageWidth\" : true}'>\n\n  <div class=\"gallery-col col\" >\n          <div class=\"col-inner\">\n            <a class=\"image-lightbox lightbox-gallery\" href=\"https:\/\/altenergy.hu\/wp-content\/uploads\/2022\/06\/altenergy-gibart-vizeromu-03.jpg\" title=\"Altenergy - Er\u0151m\u0171vek - Gib\u00e1rt v\u00edzer\u0151m\u0171\">            <div class=\"box has-hover gallery-box box-none\">\n              <div class=\"box-image\" >\n                <img loading=\"lazy\" decoding=\"async\" width=\"300\" height=\"168\" src=\"https:\/\/altenergy.hu\/wp-content\/uploads\/2022\/06\/altenergy-gibart-vizeromu-03-300x168.jpg\" class=\"attachment-medium size-medium\" alt=\"\" ids=\"164,165,166,167,168\" style=\"none\" type=\"masonry\" col_spacing=\"small\" columns=\"2\" srcset=\"https:\/\/altenergy.hu\/wp-content\/uploads\/2022\/06\/altenergy-gibart-vizeromu-03-300x168.jpg 300w, https:\/\/altenergy.hu\/wp-content\/uploads\/2022\/06\/altenergy-gibart-vizeromu-03-768x431.jpg 768w, https:\/\/altenergy.hu\/wp-content\/uploads\/2022\/06\/altenergy-gibart-vizeromu-03.jpg 1024w\" sizes=\"auto, (max-width: 300px) 100vw, 300px\" \/>                                                              <\/div>\n              <div class=\"box-text text-left\" >\n                 <p>Altenergy - Er\u0151m\u0171vek - Gib\u00e1rt v\u00edzer\u0151m\u0171<\/p>\n              <\/div>\n            <\/div>\n            <\/a>          <\/div>\n         <\/div><div class=\"gallery-col col\" >\n          <div class=\"col-inner\">\n            <a class=\"image-lightbox lightbox-gallery\" href=\"https:\/\/altenergy.hu\/wp-content\/uploads\/2022\/06\/altenergy-gibart-vizeromu-04.jpg\" title=\"Altenergy - Er\u0151m\u0171vek - Gib\u00e1rt v\u00edzer\u0151m\u0171\">            <div class=\"box has-hover gallery-box box-none\">\n              <div class=\"box-image\" >\n                <img loading=\"lazy\" decoding=\"async\" width=\"225\" height=\"300\" src=\"https:\/\/altenergy.hu\/wp-content\/uploads\/2022\/06\/altenergy-gibart-vizeromu-04-225x300.jpg\" class=\"attachment-medium size-medium\" alt=\"\" ids=\"164,165,166,167,168\" style=\"none\" type=\"masonry\" col_spacing=\"small\" columns=\"2\" srcset=\"https:\/\/altenergy.hu\/wp-content\/uploads\/2022\/06\/altenergy-gibart-vizeromu-04-225x300.jpg 225w, https:\/\/altenergy.hu\/wp-content\/uploads\/2022\/06\/altenergy-gibart-vizeromu-04.jpg 768w\" sizes=\"auto, (max-width: 225px) 100vw, 225px\" \/>                                                              <\/div>\n              <div class=\"box-text text-left\" >\n                 <p>Altenergy - Er\u0151m\u0171vek - Gib\u00e1rt v\u00edzer\u0151m\u0171<\/p>\n              <\/div>\n            <\/div>\n            <\/a>          <\/div>\n         <\/div><div class=\"gallery-col col\" >\n          <div class=\"col-inner\">\n            <a class=\"image-lightbox lightbox-gallery\" href=\"https:\/\/altenergy.hu\/wp-content\/uploads\/2022\/06\/altenergy_gibart_vizeromu-05.jpg\" title=\"Altenergy - Er\u0151m\u0171vek - Gib\u00e1rt v\u00edzer\u0151m\u0171\">            <div class=\"box has-hover gallery-box box-none\">\n              <div class=\"box-image\" >\n                <img loading=\"lazy\" decoding=\"async\" width=\"300\" height=\"200\" src=\"https:\/\/altenergy.hu\/wp-content\/uploads\/2022\/06\/altenergy_gibart_vizeromu-05-300x200.jpg\" class=\"attachment-medium size-medium\" alt=\"\" ids=\"164,165,166,167,168\" style=\"none\" type=\"masonry\" col_spacing=\"small\" columns=\"2\" srcset=\"https:\/\/altenergy.hu\/wp-content\/uploads\/2022\/06\/altenergy_gibart_vizeromu-05-300x200.jpg 300w, https:\/\/altenergy.hu\/wp-content\/uploads\/2022\/06\/altenergy_gibart_vizeromu-05-768x512.jpg 768w, https:\/\/altenergy.hu\/wp-content\/uploads\/2022\/06\/altenergy_gibart_vizeromu-05.jpg 1024w\" sizes=\"auto, (max-width: 300px) 100vw, 300px\" \/>                                                              <\/div>\n              <div class=\"box-text text-left\" >\n                 <p>Altenergy - Er\u0151m\u0171vek - Gib\u00e1rt v\u00edzer\u0151m\u0171<\/p>\n              <\/div>\n            <\/div>\n            <\/a>          <\/div>\n         <\/div><div class=\"gallery-col col\" >\n          <div class=\"col-inner\">\n            <a class=\"image-lightbox lightbox-gallery\" href=\"https:\/\/altenergy.hu\/wp-content\/uploads\/2022\/06\/altenergy-gibart-vizeromu-01-1024x667.jpg\" title=\"Altenergy - Er\u0151m\u0171vek - Gib\u00e1rt v\u00edzer\u0151m\u0171\">            <div class=\"box has-hover gallery-box box-none\">\n              <div class=\"box-image\" >\n                <img loading=\"lazy\" decoding=\"async\" width=\"300\" height=\"195\" src=\"https:\/\/altenergy.hu\/wp-content\/uploads\/2022\/06\/altenergy-gibart-vizeromu-01-300x195.jpg\" class=\"attachment-medium size-medium\" alt=\"\" ids=\"164,165,166,167,168\" style=\"none\" type=\"masonry\" col_spacing=\"small\" columns=\"2\" srcset=\"https:\/\/altenergy.hu\/wp-content\/uploads\/2022\/06\/altenergy-gibart-vizeromu-01-300x195.jpg 300w, https:\/\/altenergy.hu\/wp-content\/uploads\/2022\/06\/altenergy-gibart-vizeromu-01-1024x667.jpg 1024w, https:\/\/altenergy.hu\/wp-content\/uploads\/2022\/06\/altenergy-gibart-vizeromu-01-768x500.jpg 768w, https:\/\/altenergy.hu\/wp-content\/uploads\/2022\/06\/altenergy-gibart-vizeromu-01-1536x1000.jpg 1536w, https:\/\/altenergy.hu\/wp-content\/uploads\/2022\/06\/altenergy-gibart-vizeromu-01.jpg 1700w\" sizes=\"auto, (max-width: 300px) 100vw, 300px\" \/>                                                              <\/div>\n              <div class=\"box-text text-left\" >\n                 <p>Altenergy - Er\u0151m\u0171vek - Gib\u00e1rt v\u00edzer\u0151m\u0171<\/p>\n              <\/div>\n            <\/div>\n            <\/a>          <\/div>\n         <\/div><div class=\"gallery-col col\" >\n          <div class=\"col-inner\">\n            <a class=\"image-lightbox lightbox-gallery\" href=\"https:\/\/altenergy.hu\/wp-content\/uploads\/2022\/06\/altenergy-gibart-vizeromu-02-1024x667.jpg\" title=\"Altenergy - Er\u0151m\u0171vek - Gib\u00e1rt v\u00edzer\u0151m\u0171\">            <div class=\"box has-hover gallery-box box-none\">\n              <div class=\"box-image\" >\n                <img loading=\"lazy\" decoding=\"async\" width=\"300\" height=\"195\" src=\"https:\/\/altenergy.hu\/wp-content\/uploads\/2022\/06\/altenergy-gibart-vizeromu-02-300x195.jpg\" class=\"attachment-medium size-medium\" alt=\"\" ids=\"164,165,166,167,168\" style=\"none\" type=\"masonry\" col_spacing=\"small\" columns=\"2\" srcset=\"https:\/\/altenergy.hu\/wp-content\/uploads\/2022\/06\/altenergy-gibart-vizeromu-02-300x195.jpg 300w, https:\/\/altenergy.hu\/wp-content\/uploads\/2022\/06\/altenergy-gibart-vizeromu-02-1024x667.jpg 1024w, https:\/\/altenergy.hu\/wp-content\/uploads\/2022\/06\/altenergy-gibart-vizeromu-02-768x500.jpg 768w, https:\/\/altenergy.hu\/wp-content\/uploads\/2022\/06\/altenergy-gibart-vizeromu-02-1536x1000.jpg 1536w, https:\/\/altenergy.hu\/wp-content\/uploads\/2022\/06\/altenergy-gibart-vizeromu-02.jpg 1700w\" sizes=\"auto, (max-width: 300px) 100vw, 300px\" \/>                                                              <\/div>\n              <div class=\"box-text text-left\" >\n                 <p>Altenergy - Er\u0151m\u0171vek - Gib\u00e1rt v\u00edzer\u0151m\u0171<\/p>\n              <\/div>\n            <\/div>\n            <\/a>          <\/div>\n         <\/div><\/div>\n<div class=\"video video-fit mb\" style=\"padding-top:56.25%;\"><p><iframe loading=\"lazy\" title=\"A Zempl\u00e9n csod\u00e1i - 1. r\u00e9sz: Gib\u00e1rt, v\u00edzer\u0151m\u0171\" width=\"1020\" height=\"574\" src=\"https:\/\/www.youtube.com\/embed\/MipJRUqsKXQ?feature=oembed\" frameborder=\"0\" allow=\"accelerometer; autoplay; clipboard-write; encrypted-media; gyroscope; picture-in-picture\" allowfullscreen><\/iframe><\/p>\n<\/div>\n\t\t<\/div>\n\t\t\t\t\t<\/div>\n\n\t\n<\/div>\n","protected":false},"excerpt":{"rendered":"","protected":false},"author":1,"featured_media":0,"parent":800,"menu_order":0,"comment_status":"closed","ping_status":"closed","template":"page-blank.php","meta":{"footnotes":""},"class_list":["post-1016","page","type-page","status-publish","hentry"],"yoast_head":"<!-- This site is optimized with the Yoast SEO plugin v26.8 - https:\/\/yoast.com\/product\/yoast-seo-wordpress\/ -->\n<title>Gib\u00e1rt hydropower plant - Altenergy<\/title>\n<meta name=\"robots\" content=\"index, follow, max-snippet:-1, max-image-preview:large, max-video-preview:-1\" \/>\n<link rel=\"canonical\" href=\"https:\/\/app-app042altener-prod-neu-001.azurewebsites.net\/en\/power-plants\/gibart-hydropower-plant\/\" \/>\n<meta property=\"og:locale\" content=\"en_US\" \/>\n<meta property=\"og:type\" content=\"article\" \/>\n<meta property=\"og:title\" content=\"Gib\u00e1rt hydropower plant - Altenergy\" \/>\n<meta property=\"og:url\" content=\"https:\/\/app-app042altener-prod-neu-001.azurewebsites.net\/en\/power-plants\/gibart-hydropower-plant\/\" \/>\n<meta property=\"og:site_name\" content=\"Altenergy\" \/>\n<meta property=\"article:modified_time\" content=\"2022-09-26T15:57:29+00:00\" \/>\n<meta name=\"twitter:card\" content=\"summary_large_image\" \/>\n<meta name=\"twitter:label1\" content=\"Est. reading time\" \/>\n\t<meta name=\"twitter:data1\" content=\"4 minutes\" \/>\n<script type=\"application\/ld+json\" class=\"yoast-schema-graph\">{\"@context\":\"https:\/\/schema.org\",\"@graph\":[{\"@type\":\"WebPage\",\"@id\":\"https:\/\/app-app042altener-prod-neu-001.azurewebsites.net\/en\/power-plants\/gibart-hydropower-plant\/\",\"url\":\"https:\/\/app-app042altener-prod-neu-001.azurewebsites.net\/en\/power-plants\/gibart-hydropower-plant\/\",\"name\":\"Gib\u00e1rt hydropower plant - Altenergy\",\"isPartOf\":{\"@id\":\"http:\/\/app-app042altener-prod-neu-001.azurewebsites.net\/#website\"},\"datePublished\":\"2022-06-21T08:05:44+00:00\",\"dateModified\":\"2022-09-26T15:57:29+00:00\",\"breadcrumb\":{\"@id\":\"https:\/\/app-app042altener-prod-neu-001.azurewebsites.net\/en\/power-plants\/gibart-hydropower-plant\/#breadcrumb\"},\"inLanguage\":\"en-US\",\"potentialAction\":[{\"@type\":\"ReadAction\",\"target\":[\"https:\/\/app-app042altener-prod-neu-001.azurewebsites.net\/en\/power-plants\/gibart-hydropower-plant\/\"]}]},{\"@type\":\"BreadcrumbList\",\"@id\":\"https:\/\/app-app042altener-prod-neu-001.azurewebsites.net\/en\/power-plants\/gibart-hydropower-plant\/#breadcrumb\",\"itemListElement\":[{\"@type\":\"ListItem\",\"position\":1,\"name\":\"Kezd\u0151lap\",\"item\":\"https:\/\/altenergy.hu\/en\/\"},{\"@type\":\"ListItem\",\"position\":2,\"name\":\"Power plants\",\"item\":\"https:\/\/app-app042altener-prod-neu-001.azurewebsites.net\/en\/power-plants\/\"},{\"@type\":\"ListItem\",\"position\":3,\"name\":\"Gib\u00e1rt hydropower plant\"}]},{\"@type\":\"WebSite\",\"@id\":\"http:\/\/app-app042altener-prod-neu-001.azurewebsites.net\/#website\",\"url\":\"http:\/\/app-app042altener-prod-neu-001.azurewebsites.net\/\",\"name\":\"Altenergy\",\"description\":\"\",\"potentialAction\":[{\"@type\":\"SearchAction\",\"target\":{\"@type\":\"EntryPoint\",\"urlTemplate\":\"http:\/\/app-app042altener-prod-neu-001.azurewebsites.net\/?s={search_term_string}\"},\"query-input\":{\"@type\":\"PropertyValueSpecification\",\"valueRequired\":true,\"valueName\":\"search_term_string\"}}],\"inLanguage\":\"en-US\"}]}<\/script>\n<!-- \/ Yoast SEO plugin. -->","yoast_head_json":{"title":"Gib\u00e1rt hydropower plant - Altenergy","robots":{"index":"index","follow":"follow","max-snippet":"max-snippet:-1","max-image-preview":"max-image-preview:large","max-video-preview":"max-video-preview:-1"},"canonical":"https:\/\/app-app042altener-prod-neu-001.azurewebsites.net\/en\/power-plants\/gibart-hydropower-plant\/","og_locale":"en_US","og_type":"article","og_title":"Gib\u00e1rt hydropower plant - Altenergy","og_url":"https:\/\/app-app042altener-prod-neu-001.azurewebsites.net\/en\/power-plants\/gibart-hydropower-plant\/","og_site_name":"Altenergy","article_modified_time":"2022-09-26T15:57:29+00:00","twitter_card":"summary_large_image","twitter_misc":{"Est. reading time":"4 minutes"},"schema":{"@context":"https:\/\/schema.org","@graph":[{"@type":"WebPage","@id":"https:\/\/app-app042altener-prod-neu-001.azurewebsites.net\/en\/power-plants\/gibart-hydropower-plant\/","url":"https:\/\/app-app042altener-prod-neu-001.azurewebsites.net\/en\/power-plants\/gibart-hydropower-plant\/","name":"Gib\u00e1rt hydropower plant - Altenergy","isPartOf":{"@id":"http:\/\/app-app042altener-prod-neu-001.azurewebsites.net\/#website"},"datePublished":"2022-06-21T08:05:44+00:00","dateModified":"2022-09-26T15:57:29+00:00","breadcrumb":{"@id":"https:\/\/app-app042altener-prod-neu-001.azurewebsites.net\/en\/power-plants\/gibart-hydropower-plant\/#breadcrumb"},"inLanguage":"en-US","potentialAction":[{"@type":"ReadAction","target":["https:\/\/app-app042altener-prod-neu-001.azurewebsites.net\/en\/power-plants\/gibart-hydropower-plant\/"]}]},{"@type":"BreadcrumbList","@id":"https:\/\/app-app042altener-prod-neu-001.azurewebsites.net\/en\/power-plants\/gibart-hydropower-plant\/#breadcrumb","itemListElement":[{"@type":"ListItem","position":1,"name":"Kezd\u0151lap","item":"https:\/\/altenergy.hu\/en\/"},{"@type":"ListItem","position":2,"name":"Power plants","item":"https:\/\/app-app042altener-prod-neu-001.azurewebsites.net\/en\/power-plants\/"},{"@type":"ListItem","position":3,"name":"Gib\u00e1rt hydropower plant"}]},{"@type":"WebSite","@id":"http:\/\/app-app042altener-prod-neu-001.azurewebsites.net\/#website","url":"http:\/\/app-app042altener-prod-neu-001.azurewebsites.net\/","name":"Altenergy","description":"","potentialAction":[{"@type":"SearchAction","target":{"@type":"EntryPoint","urlTemplate":"http:\/\/app-app042altener-prod-neu-001.azurewebsites.net\/?s={search_term_string}"},"query-input":{"@type":"PropertyValueSpecification","valueRequired":true,"valueName":"search_term_string"}}],"inLanguage":"en-US"}]}},"_links":{"self":[{"href":"https:\/\/altenergy.hu\/en\/wp-json\/wp\/v2\/pages\/1016","targetHints":{"allow":["GET"]}}],"collection":[{"href":"https:\/\/altenergy.hu\/en\/wp-json\/wp\/v2\/pages"}],"about":[{"href":"https:\/\/altenergy.hu\/en\/wp-json\/wp\/v2\/types\/page"}],"author":[{"embeddable":true,"href":"https:\/\/altenergy.hu\/en\/wp-json\/wp\/v2\/users\/1"}],"replies":[{"embeddable":true,"href":"https:\/\/altenergy.hu\/en\/wp-json\/wp\/v2\/comments?post=1016"}],"version-history":[{"count":4,"href":"https:\/\/altenergy.hu\/en\/wp-json\/wp\/v2\/pages\/1016\/revisions"}],"predecessor-version":[{"id":1021,"href":"https:\/\/altenergy.hu\/en\/wp-json\/wp\/v2\/pages\/1016\/revisions\/1021"}],"up":[{"embeddable":true,"href":"https:\/\/altenergy.hu\/en\/wp-json\/wp\/v2\/pages\/800"}],"wp:attachment":[{"href":"https:\/\/altenergy.hu\/en\/wp-json\/wp\/v2\/media?parent=1016"}],"curies":[{"name":"wp","href":"https:\/\/api.w.org\/{rel}","templated":true}]}}