{"id":1023,"date":"2022-06-21T09:44:27","date_gmt":"2022-06-21T07:44:27","guid":{"rendered":"https:\/\/www.altenergy.hu\/power-plants\/felsodobsza-vizeromu\/"},"modified":"2022-09-26T18:04:05","modified_gmt":"2022-09-26T16:04:05","slug":"felsodobsza-hydropower-plant","status":"publish","type":"page","link":"https:\/\/altenergy.hu\/en\/power-plants\/felsodobsza-hydropower-plant\/","title":{"rendered":"Fels\u0151dobsza hydropower plant"},"content":{"rendered":"\n  <div class=\"banner has-hover\" id=\"banner-1088209907\">\n          <div class=\"banner-inner fill\">\n        <div class=\"banner-bg fill\" >\n            <img loading=\"lazy\" decoding=\"async\" width=\"800\" height=\"533\" src=\"https:\/\/altenergy.hu\/wp-content\/uploads\/2022\/06\/altenergy-felsodbsza-vizeromu-cover.jpg\" class=\"bg attachment-original size-original\" alt=\"Altenergy - Er\u0151m\u0171vek - Fels\u0151dobsza v\u00edzer\u0151m\u0171\" \/>                                    \n                    <\/div>\n\t\t\n        <div class=\"banner-layers container\">\n            <div class=\"fill banner-link\"><\/div>            \n   <div id=\"text-box-23428507\" class=\"text-box banner-layer x5 md-x5 lg-x0 y90 md-y90 lg-y50 res-text\">\n                                <div class=\"text-box-content text dark\">\n              \n              <div class=\"text-inner text-left\">\n                  \n\t<div id=\"text-3546964195\" class=\"text\">\n\t\t\n<h1><strong>Fels\u0151dobsza hydropower plant<\/strong><\/h1>\n<p>Renewables-based energy production<\/p>\n\t\t\n<style>\n#text-3546964195 {\n  font-size: 0.85rem;\n}\n<\/style>\n\t<\/div>\n\t\n              <\/div>\n           <\/div>\n                            \n<style>\n#text-box-23428507 {\n  width: 60%;\n}\n#text-box-23428507 .text-box-content {\n  font-size: 100%;\n}\n<\/style>\n    <\/div>\n \n        <\/div>\n      <\/div>\n\n            \n<style>\n#banner-1088209907 {\n  padding-top: 50%;\n}\n#banner-1088209907 .banner-bg img {\n  object-position: 50% 75%;\n}\n@media (min-width:550px) {\n  #banner-1088209907 {\n    padding-top: 25%;\n  }\n}\n<\/style>\n  <\/div>\n\n\n\n\t<section class=\"section\" id=\"section_1676676420\">\n\t\t<div class=\"section-bg fill\" >\n\t\t\t\t\t\t\t\t\t\n\t\t\t\n\n\t\t<\/div>\n\n\t\t\n\n\t\t<div class=\"section-content relative\">\n\t\t\t\n\n<div class=\"row row-collapse iconrow\"  id=\"row-1197182434\">\n\n\n\t<div id=\"col-578820810\" class=\"col medium-3 small-6 large-3\"  >\n\t\t\t\t<div class=\"col-inner\"  >\n\t\t\t\n\t\t\t\n\n\n\t<a class=\"plain\" href=\"https:\/\/www.altenergy.hu\/en\/request-electricity-quote\/\" >\t<div class=\"icon-box featured-box icon-box-center text-center\"  >\n\t\t\t\t\t<div class=\"icon-box-img has-icon-bg\" style=\"width: 64px\">\n\t\t\t\t<div class=\"icon\">\n\t\t\t\t\t<div class=\"icon-inner\" style=\"border-width:2px;\">\n\t\t\t\t\t\t<img loading=\"lazy\" decoding=\"async\" width=\"64\" height=\"64\" src=\"https:\/\/altenergy.hu\/wp-content\/uploads\/2022\/07\/altenergy-villamosenergia_kiskereskedelem-icon.png\" class=\"attachment-medium size-medium\" alt=\"\" \/>\t\t\t\t\t<\/div>\n\t\t\t\t<\/div>\n\t\t\t<\/div>\n\t\t\t\t<div class=\"icon-box-text last-reset\">\n\t\t\t\t\t\t\t\t\t\n\n\t<div id=\"text-261752697\" class=\"text\">\n\t\t\n\n<p><a href=\"https:\/\/www.altenergy.hu\/en\/request-electricity-quote\/\">Request electricity quote<\/a><\/p>\n\t\t\n<style>\n#text-261752697 {\n  color: rgb(0, 183, 206);\n}\n#text-261752697 > * {\n  color: rgb(0, 183, 206);\n}\n<\/style>\n\t<\/div>\n\t\n\n\t\t<\/div>\n\t<\/div>\n\t<\/a>\n\t\n\n\t\t<\/div>\n\t\t\t\t\t<\/div>\n\n\t\n\n\t<div id=\"col-205221270\" class=\"col medium-3 small-6 large-3\"  >\n\t\t\t\t<div class=\"col-inner\"  >\n\t\t\t\n\t\t\t\n\n\n\t<a class=\"plain\" href=\"https:\/\/www.altenergy.hu\/en\/request-natural-gas-quote\/\" >\t<div class=\"icon-box featured-box icon-box-center text-center\"  >\n\t\t\t\t\t<div class=\"icon-box-img has-icon-bg\" style=\"width: 64px\">\n\t\t\t\t<div class=\"icon\">\n\t\t\t\t\t<div class=\"icon-inner\" style=\"border-width:2px;\">\n\t\t\t\t\t\t<img loading=\"lazy\" decoding=\"async\" width=\"64\" height=\"64\" src=\"https:\/\/altenergy.hu\/wp-content\/uploads\/2022\/07\/altenergy-foldgaz_kiskereskedelem-icon.png\" class=\"attachment-medium size-medium\" alt=\"\" \/>\t\t\t\t\t<\/div>\n\t\t\t\t<\/div>\n\t\t\t<\/div>\n\t\t\t\t<div class=\"icon-box-text last-reset\">\n\t\t\t\t\t\t\t\t\t\n\n\t<div id=\"text-2445554361\" class=\"text\">\n\t\t\n\n<p><a href=\"https:\/\/www.altenergy.hu\/en\/request-natural-gas-quote\/\">Request natural gas quote<\/a><\/p>\n\t\t\n<style>\n#text-2445554361 {\n  color: rgb(0, 183, 206);\n}\n#text-2445554361 > * {\n  color: rgb(0, 183, 206);\n}\n<\/style>\n\t<\/div>\n\t\n\n\t\t<\/div>\n\t<\/div>\n\t<\/a>\n\t\n\n\t\t<\/div>\n\t\t\t\t\t<\/div>\n\n\t\n\n\t<div id=\"col-972635611\" class=\"col medium-3 small-6 large-3\"  >\n\t\t\t\t<div class=\"col-inner\"  >\n\t\t\t\n\t\t\t\n\n\n\t<a class=\"plain\" href=\"https:\/\/www.altenergy.hu\/en\/contact\/\" >\t<div class=\"icon-box featured-box icon-box-center text-center\"  >\n\t\t\t\t\t<div class=\"icon-box-img has-icon-bg\" style=\"width: 64px\">\n\t\t\t\t<div class=\"icon\">\n\t\t\t\t\t<div class=\"icon-inner\" style=\"border-width:2px;\">\n\t\t\t\t\t\t<img loading=\"lazy\" decoding=\"async\" width=\"64\" height=\"64\" src=\"https:\/\/altenergy.hu\/wp-content\/uploads\/2022\/07\/altenergy-kontakt-icon.png\" class=\"attachment-medium size-medium\" alt=\"\" \/>\t\t\t\t\t<\/div>\n\t\t\t\t<\/div>\n\t\t\t<\/div>\n\t\t\t\t<div class=\"icon-box-text last-reset\">\n\t\t\t\t\t\t\t\t\t\n\n\t<div id=\"text-3901585054\" class=\"text\">\n\t\t\n\n<p><a href=\"https:\/\/www.altenergy.hu\/en\/contact\/\">Contact details<\/a><\/p>\n\t\t\n<style>\n#text-3901585054 {\n  color: rgb(0, 183, 206);\n}\n#text-3901585054 > * {\n  color: rgb(0, 183, 206);\n}\n<\/style>\n\t<\/div>\n\t\n\n\t\t<\/div>\n\t<\/div>\n\t<\/a>\n\t\n\n\t\t<\/div>\n\t\t\t\t\t<\/div>\n\n\t\n\n\t<div id=\"col-291114404\" class=\"col medium-3 small-6 large-3\"  >\n\t\t\t\t<div class=\"col-inner\"  >\n\t\t\t\n\t\t\t\n\n\n\t<a class=\"plain\" href=\"https:\/\/ugyfelkapu.alteo.hu\/\" target=\"_blank\" rel=\"noopener\" >\t<div class=\"icon-box featured-box icon-box-center text-center\"  >\n\t\t\t\t\t<div class=\"icon-box-img has-icon-bg\" style=\"width: 64px\">\n\t\t\t\t<div class=\"icon\">\n\t\t\t\t\t<div class=\"icon-inner\" style=\"border-width:2px;\">\n\t\t\t\t\t\t<img loading=\"lazy\" decoding=\"async\" width=\"64\" height=\"64\" src=\"https:\/\/altenergy.hu\/wp-content\/uploads\/2022\/07\/altenergy-ugyfelkapu-icon.png\" class=\"attachment-medium size-medium\" alt=\"\" \/>\t\t\t\t\t<\/div>\n\t\t\t\t<\/div>\n\t\t\t<\/div>\n\t\t\t\t<div class=\"icon-box-text last-reset\">\n\t\t\t\t\t\t\t\t\t\n\n\t<div id=\"text-3221609967\" class=\"text\">\n\t\t\n\n<p><a href=\"https:\/\/ugyfelkapu.alteo.hu\/\" target=\"_blank\" rel=\"noopener\">Client area<\/a><\/p>\n\t\t\n<style>\n#text-3221609967 {\n  color: rgb(0, 183, 206);\n}\n#text-3221609967 > * {\n  color: rgb(0, 183, 206);\n}\n<\/style>\n\t<\/div>\n\t\n\n\t\t<\/div>\n\t<\/div>\n\t<\/a>\n\t\n\n\t\t<\/div>\n\t\t\t\t\t<\/div>\n\n\t\n\n<\/div>\n\n\t\t<\/div>\n\n\t\t\n<style>\n#section_1676676420 {\n  padding-top: 30px;\n  padding-bottom: 30px;\n  background-color: rgb(244, 244, 244);\n}\n<\/style>\n\t<\/section>\n\t\n\t<div id=\"gap-688459655\" class=\"gap-element clearfix\" style=\"display:block; height:auto;\">\n\t\t\n<style>\n#gap-688459655 {\n  padding-top: 60px;\n}\n<\/style>\n\t<\/div>\n\t\n<div class=\"row row-collapse align-equal\"  id=\"row-1838358707\">\n\n\t<div id=\"col-175778744\" class=\"col medium-6 small-12 large-6\"  >\n\t\t\t\t<div class=\"col-inner\"  >\n\t\t\t\n\t\t\t\n<p><b>Site:<\/b>\u00a03847 Fels\u0151dobsza, De\u00e1k Ferenc u. 67.<\/p>\n<p>The village of Fels\u0151dobsza lies in Borsod-Aba\u00faj-Zempl\u00e9n County along the Hern\u00e1d River, 84 kilometres from the river mouth. Built in 1906, put into operation in 1911 and reconstructed in 2012-13, a diversion-type hydroelectric power plant is located here.<\/p>\n<p>The hydroelectric power plant is partially owned by \u00c9szak-magyarorsz\u00e1gi \u00c1ramszolg\u00e1ltat\u00f3 Nyrt (land, buildings, dam). Based on the contracts concluded by \u00c9M\u00c1SZ Nyrt. and Sinergy Kft. in 2004, (member of the ALTEO Group since May 2015), the ALTEO Group participates operates the hydroelectric power plant as a lessee, licence holder and operator. The energy production assets of the plant (turbine, generator) are owned by Alteo.<\/p>\n\t\t<\/div>\n\t\t\t\t\t<\/div>\n\n\t\n\n\t<div id=\"col-979806446\" class=\"col fdb-cover medium-6 small-12 large-6\"  >\n\t\t\t\t<div class=\"col-inner\"  >\n\t\t\t\n\t\t\t\n\t\t<\/div>\n\t\t\t\t\t<\/div>\n\n\t\n\n<style>\n#row-1838358707 > .col > .col-inner {\n  padding: 10px 10px 10px 10px;\n  background-color: rgb(245, 248, 250);\n}\n<\/style>\n<\/div>\n<div class=\"row row-small\"  id=\"row-1531539586\">\n\n\t<div id=\"col-862219205\" class=\"col small-12 large-12\"  >\n\t\t\t\t<div class=\"col-inner\"  >\n\t\t\t\n\t\t\t\n\t<div id=\"gap-2038362397\" class=\"gap-element clearfix\" style=\"display:block; height:auto;\">\n\t\t\n<style>\n#gap-2038362397 {\n  padding-top: 30px;\n}\n<\/style>\n\t<\/div>\n\t\n<h2>Reconstruction<\/h2>\n<p>The hydroelectric power plant in Fels\u0151dobsza had operated with two 220 kW turbines since 1911, with the first engineering and electrical equipment supplied by Ganz and Co. In the decades following 1945, the power plant came into the ownership of \u00c9M\u00c1SZ and was declared a historical site in 2009. In addition to energy production, the aim was to keep the power plant of industrial historic interest operational. In dire need of reconstruction, Sinergy Kft.* took over the operation of the power plant in 2004 and started looking into options for its modernisation.<\/p>\n<p>The owner at the time, \u00c9M\u00c1SZ Nyrt., and the operator, Sinergy Kft., decided in 2010 to reconstruct the power plant with a view to increasing its output, combined with the replacement if its main equipment. Carried out by Sinergy Kft., the investment project, which exceeded HUF 900 million, involved the installation of modern turbines that doubled the hydroelectric power plant\u2019s electricity production capacity to 940 kW.<\/p>\n<p>As part of the reconstruction project, all technological equipment was replaced, while water structures and the power plant\u2019s engine room were reconstructed in compliance with architectural conservation and environmental protection requirements. To implement the investment project, Sinergy Kft. received a grant of HUF 376 million under tender procedure KEOP-4.4.0, which was co-financed by the European Regional Development Fund and the Hungarian central budget.<\/p>\n\t\t<\/div>\n\t\t\t\t\t<\/div>\n\n\t\n\n\t<div id=\"col-473267210\" class=\"col medium-4 small-12 large-4\"  >\n\t\t\t\t<div class=\"col-inner\"  >\n\t\t\t\n\t\t\t\n\t<div class=\"img has-hover x md-x lg-x y md-y lg-y\" id=\"image_2051204008\">\n\t\t\t\t\t\t\t\t<div class=\"img-inner image-cover dark\" style=\"padding-top:75%;\">\n\t\t\t<img loading=\"lazy\" decoding=\"async\" width=\"800\" height=\"533\" src=\"https:\/\/altenergy.hu\/wp-content\/uploads\/2022\/06\/altenergy-felsodbsza-vizeromu-cover.jpg\" class=\"attachment-large size-large\" alt=\"Altenergy - Er\u0151m\u0171vek - Fels\u0151dobsza v\u00edzer\u0151m\u0171\" srcset=\"https:\/\/altenergy.hu\/wp-content\/uploads\/2022\/06\/altenergy-felsodbsza-vizeromu-cover.jpg 800w, https:\/\/altenergy.hu\/wp-content\/uploads\/2022\/06\/altenergy-felsodbsza-vizeromu-cover-300x200.jpg 300w, https:\/\/altenergy.hu\/wp-content\/uploads\/2022\/06\/altenergy-felsodbsza-vizeromu-cover-768x512.jpg 768w\" sizes=\"auto, (max-width: 800px) 100vw, 800px\" \/>\t\t\t\t\t\t\n\t\t\t\t\t<\/div>\n\t\t\t\t\t\t\t\t\n<style>\n#image_2051204008 {\n  width: 100%;\n}\n<\/style>\n\t<\/div>\n\t\n\t\t<\/div>\n\t\t\t\t\t<\/div>\n\n\t\n\n\t<div id=\"col-1853875146\" class=\"col medium-4 small-12 large-4\"  >\n\t\t\t\t<div class=\"col-inner\"  >\n\t\t\t\n\t\t\t\n\t<div class=\"img has-hover x md-x lg-x y md-y lg-y\" id=\"image_1278243133\">\n\t\t\t\t\t\t\t\t<div class=\"img-inner image-cover dark\" style=\"padding-top:75%;\">\n\t\t\t<img loading=\"lazy\" decoding=\"async\" width=\"800\" height=\"533\" src=\"https:\/\/altenergy.hu\/wp-content\/uploads\/2022\/06\/altenergy-felsodbsza-vizeromu-02.jpg\" class=\"attachment-large size-large\" alt=\"Altenergy - Er\u0151m\u0171vek - Fels\u0151dobsza v\u00edzer\u0151m\u0171\" srcset=\"https:\/\/altenergy.hu\/wp-content\/uploads\/2022\/06\/altenergy-felsodbsza-vizeromu-02.jpg 800w, https:\/\/altenergy.hu\/wp-content\/uploads\/2022\/06\/altenergy-felsodbsza-vizeromu-02-300x200.jpg 300w, https:\/\/altenergy.hu\/wp-content\/uploads\/2022\/06\/altenergy-felsodbsza-vizeromu-02-768x512.jpg 768w\" sizes=\"auto, (max-width: 800px) 100vw, 800px\" \/>\t\t\t\t\t\t\n\t\t\t\t\t<\/div>\n\t\t\t\t\t\t\t\t\n<style>\n#image_1278243133 {\n  width: 100%;\n}\n<\/style>\n\t<\/div>\n\t\n\t\t<\/div>\n\t\t\t\t\t<\/div>\n\n\t\n\n\t<div id=\"col-1655467770\" class=\"col medium-4 small-12 large-4\"  >\n\t\t\t\t<div class=\"col-inner\"  >\n\t\t\t\n\t\t\t\n<div class=\"video video-fit mb\" style=\"padding-top:67%;\"><p><iframe loading=\"lazy\" title=\"Sinergy Kft. - Fels\u0151dobsza megnyit\u00f3 \u00fcnneps\u00e9g\" width=\"1020\" height=\"574\" src=\"https:\/\/www.youtube.com\/embed\/9Ivy6qPnsuU?feature=oembed\" frameborder=\"0\" allow=\"accelerometer; autoplay; clipboard-write; encrypted-media; gyroscope; picture-in-picture\" allowfullscreen><\/iframe><\/p>\n<\/div>\n\t\t<\/div>\n\t\t\t\t\t<\/div>\n\n\t\n<\/div>\n<div class=\"row\"  id=\"row-383299136\">\n\n\t<div id=\"col-1068039978\" class=\"col medium-6 small-12 large-6\"  >\n\t\t\t\t<div class=\"col-inner\"  >\n\t\t\t\n\t\t\t\n<h2>ALTEO\u2019s power plant in Fels\u0151dobsza is a source of national pride<\/h2>\n<p>A protected historical site, ALTEO\u2019s Fels\u0151dobsza hydroelectric power plant earned two prestigious accolades within a short period of time and is expected to attract even more tourists to the region. The power plant is not only special due to its state-of-the-art technology, but also for its historic features which were carefully preserved during reconstruction: the original machinery on display today operated for a hundred years without any issues, an achievement almost unthinkable today.<\/p>\n\t\t<\/div>\n\t\t\t\t\t<\/div>\n\n\t\n\n\t<div id=\"col-550232534\" class=\"col medium-6 small-12 large-6\"  >\n\t\t\t\t<div class=\"col-inner\"  >\n\t\t\t\n\t\t\t\n<div class=\"video video-fit mb\" style=\"padding-top:56.25%;\"><p><iframe loading=\"lazy\" title=\"Trefort: fels\u0151dobszai v\u00edzer\u0151m\u0171 2018.04.07.\" width=\"1020\" height=\"574\" src=\"https:\/\/www.youtube.com\/embed\/ngPoChTYIPs?feature=oembed\" frameborder=\"0\" allow=\"accelerometer; autoplay; clipboard-write; encrypted-media; gyroscope; picture-in-picture\" allowfullscreen><\/iframe><\/p>\n<\/div>\n\t\t<\/div>\n\t\t\t\t\t<\/div>\n\n\t\n\n\t<div id=\"col-1639139532\" class=\"col small-12 large-12\"  >\n\t\t\t\t<div class=\"col-inner\"  >\n\t\t\t\n\t\t\t\n<p>The machinery and facilities of the Fels\u0151dobsza hydroelectric power plant were admitted to the County Value Repository in September 2016, while this year the Municipality of Fels\u0151dobsza submitted a tender in response to the \u201cKincseink\u201d (Our Treasures) appeal that was later considered eligible for support by the awarding authority. Fels\u0151dobsza won the annual award in the \u201ctechnical solutions\u201d category. The hydroelectric power plant has a long history. It started with a local landowner, Count G\u00e1bor B\u00e1rczay, who decided to have his estate supplied with electricity in 1906. The power plant was put into operation in 1911 and soon was able to produce enough electricity to supply some of it to neighbouring Miskolc.<\/p>\n<p>Fels\u0151dobsza hydroelectric power plant has operated practically continuously with its original equipment for a hundred years, which is testament to the quality of turn-of-the-century Hungarian engineering (the turbines had been supplied by Ganz) and also goes to demonstrates the expertise of its staff. Some of the operators spent their entire career there. The power plant has its own workshop with a historical lathe, cutting machine and drill to manufacture the unique parts required for professional maintenance for a hundred years.<\/p>\n<p>In 2011, exactly a hundred years after the power plant was put into operation, reconstruction was undertaken by ALTEO with grant funding from the Environment and Energy Operational Programme (KEOP). 40% of the over HUF 900 million investment project was funded by the EU with the remainder covered by Sinergy, a member of the ALTEO Group. The reconstruction itself took place 2012-13 and the power plant was put back into operation in 2013.<\/p>\n<p>To read the full article on the Fels\u0151dobsza Power Plant, click\u00a0<a href=\"http:\/\/www.napi.hu\/magyar_gazdasag\/egy_nemzeti_buszkesegunk_amit_kevesen_ismernek.644076.html\" target=\"_blank\" rel=\"noopener\"><b>here<\/b><\/a>.<\/p>\n\t\t<\/div>\n\t\t\t\t\t<\/div>\n\n\t\n\n\t<div id=\"col-425436482\" class=\"col small-12 large-12\"  >\n\t\t\t\t<div class=\"col-inner\"  >\n\t\t\t\n\t\t\t\n<h2><strong>Other notes<\/strong><\/h2>\n\t\t<\/div>\n\t\t\t\t\t<\/div>\n\n\t\n<\/div>\n<div class=\"row align-middle\"  id=\"row-2065114292\">\n\n\t<div id=\"col-1242735009\" class=\"col medium-8 small-12 large-8\"  >\n\t\t\t\t<div class=\"col-inner\"  >\n\t\t\t\n\t\t\t\n<p>Decision on admission to the County Value Repository (hu)<\/p>\n\t\t<\/div>\n\t\t\t\t\t<\/div>\n\n\t\n\n\t<div id=\"col-147682641\" class=\"col medium-4 small-12 large-4\"  >\n\t\t\t\t<div class=\"col-inner\"  >\n\t\t\t\n\t\t\t\n<a href=\"https:\/\/www.altenergy.hu\/wp-content\/uploads\/2022\/06\/Hatarozat-megyei-ertektarba-valo-felvetelrol.pdf\" class=\"button secondary lowercase\" >\n\t\t<span>Download<\/span>\n\t<\/a>\n\n\t\t<\/div>\n\t\t\t\t\t<\/div>\n\n\t\n\n\t<div id=\"col-355445073\" class=\"col small-12 large-12\"  >\n\t\t\t\t<div class=\"col-inner\"  >\n\t\t\t\n\t\t\t\n<div class=\"is-divider divider clearfix\" style=\"margin-top:0.1em;margin-bottom:0.1em;max-width:100%;height:1px;\"><\/div>\n\t\t<\/div>\n\t\t\t\t\t<\/div>\n\n\t\n<\/div>\n<div class=\"row align-middle\"  id=\"row-251356096\">\n\n\t<div id=\"col-1908316358\" class=\"col medium-8 small-12 large-8\"  >\n\t\t\t\t<div class=\"col-inner\"  >\n\t\t\t\n\t\t\t\n<p>Recognition certificate (hu)<\/p>\n\t\t<\/div>\n\t\t\t\t\t<\/div>\n\n\t\n\n\t<div id=\"col-1638031008\" class=\"col medium-4 small-12 large-4\"  >\n\t\t\t\t<div class=\"col-inner\"  >\n\t\t\t\n\t\t\t\n<a href=\"https:\/\/www.altenergy.hu\/wp-content\/uploads\/2022\/06\/Elismero-oklevel.pdf\" target=\"_blank\" class=\"button secondary lowercase\" rel=\"noopener\" >\n\t\t<span>Download<\/span>\n\t<\/a>\n\n\t\t<\/div>\n\t\t\t\t\t<\/div>\n\n\t\n\n\t<div id=\"col-2028222409\" class=\"col small-12 large-12\"  >\n\t\t\t\t<div class=\"col-inner\"  >\n\t\t\t\n\t\t\t\n<div class=\"is-divider divider clearfix\" style=\"margin-top:0.1em;margin-bottom:0.1em;max-width:100%;height:1px;\"><\/div>\n\t\t<\/div>\n\t\t\t\t\t<\/div>\n\n\t\n<\/div>\n<div class=\"row align-middle\"  id=\"row-1371921157\">\n\n\t<div id=\"col-357551270\" class=\"col medium-8 small-12 large-8\"  >\n\t\t\t\t<div class=\"col-inner\"  >\n\t\t\t\n\t\t\t\n<p>Fels\u0151dobsza leaflet (hu)<\/p>\n\t\t<\/div>\n\t\t\t\t\t<\/div>\n\n\t\n\n\t<div id=\"col-1826115551\" class=\"col medium-4 small-12 large-4\"  >\n\t\t\t\t<div class=\"col-inner\"  >\n\t\t\t\n\t\t\t\n<a href=\"https:\/\/www.altenergy.hu\/wp-content\/uploads\/2022\/06\/Felsodobsza-szorolap.pdf\" target=\"_blank\" class=\"button secondary lowercase\" rel=\"noopener\" >\n\t\t<span>Download<\/span>\n\t<\/a>\n\n\t\t<\/div>\n\t\t\t\t\t<\/div>\n\n\t\n\n\t<div id=\"col-222557680\" class=\"col small-12 large-12\"  >\n\t\t\t\t<div class=\"col-inner\"  >\n\t\t\t\n\t\t\t\n<div class=\"is-divider divider clearfix\" style=\"margin-top:0.1em;margin-bottom:0.1em;max-width:100%;height:1px;\"><\/div>\n\t\t<\/div>\n\t\t\t\t\t<\/div>\n\n\t\n<\/div>\n","protected":false},"excerpt":{"rendered":"","protected":false},"author":1,"featured_media":0,"parent":800,"menu_order":0,"comment_status":"closed","ping_status":"closed","template":"page-blank.php","meta":{"footnotes":""},"class_list":["post-1023","page","type-page","status-publish","hentry"],"yoast_head":"<!-- This site is optimized with the Yoast SEO plugin v26.8 - https:\/\/yoast.com\/product\/yoast-seo-wordpress\/ -->\n<title>Fels\u0151dobsza hydropower plant - Altenergy<\/title>\n<meta name=\"robots\" content=\"index, follow, max-snippet:-1, max-image-preview:large, max-video-preview:-1\" \/>\n<link rel=\"canonical\" href=\"https:\/\/app-app042altener-prod-neu-001.azurewebsites.net\/en\/power-plants\/felsodobsza-hydropower-plant\/\" \/>\n<meta property=\"og:locale\" content=\"en_US\" \/>\n<meta property=\"og:type\" content=\"article\" \/>\n<meta property=\"og:title\" content=\"Fels\u0151dobsza hydropower plant - Altenergy\" \/>\n<meta property=\"og:url\" content=\"https:\/\/app-app042altener-prod-neu-001.azurewebsites.net\/en\/power-plants\/felsodobsza-hydropower-plant\/\" \/>\n<meta property=\"og:site_name\" content=\"Altenergy\" \/>\n<meta property=\"article:modified_time\" content=\"2022-09-26T16:04:05+00:00\" \/>\n<meta name=\"twitter:card\" content=\"summary_large_image\" \/>\n<meta name=\"twitter:label1\" content=\"Est. reading time\" \/>\n\t<meta name=\"twitter:data1\" content=\"4 minutes\" \/>\n<script type=\"application\/ld+json\" class=\"yoast-schema-graph\">{\"@context\":\"https:\/\/schema.org\",\"@graph\":[{\"@type\":\"WebPage\",\"@id\":\"https:\/\/app-app042altener-prod-neu-001.azurewebsites.net\/en\/power-plants\/felsodobsza-hydropower-plant\/\",\"url\":\"https:\/\/app-app042altener-prod-neu-001.azurewebsites.net\/en\/power-plants\/felsodobsza-hydropower-plant\/\",\"name\":\"Fels\u0151dobsza hydropower plant - Altenergy\",\"isPartOf\":{\"@id\":\"http:\/\/app-app042altener-prod-neu-001.azurewebsites.net\/#website\"},\"datePublished\":\"2022-06-21T07:44:27+00:00\",\"dateModified\":\"2022-09-26T16:04:05+00:00\",\"breadcrumb\":{\"@id\":\"https:\/\/app-app042altener-prod-neu-001.azurewebsites.net\/en\/power-plants\/felsodobsza-hydropower-plant\/#breadcrumb\"},\"inLanguage\":\"en-US\",\"potentialAction\":[{\"@type\":\"ReadAction\",\"target\":[\"https:\/\/app-app042altener-prod-neu-001.azurewebsites.net\/en\/power-plants\/felsodobsza-hydropower-plant\/\"]}]},{\"@type\":\"BreadcrumbList\",\"@id\":\"https:\/\/app-app042altener-prod-neu-001.azurewebsites.net\/en\/power-plants\/felsodobsza-hydropower-plant\/#breadcrumb\",\"itemListElement\":[{\"@type\":\"ListItem\",\"position\":1,\"name\":\"Kezd\u0151lap\",\"item\":\"https:\/\/altenergy.hu\/en\/\"},{\"@type\":\"ListItem\",\"position\":2,\"name\":\"Power plants\",\"item\":\"https:\/\/app-app042altener-prod-neu-001.azurewebsites.net\/en\/power-plants\/\"},{\"@type\":\"ListItem\",\"position\":3,\"name\":\"Fels\u0151dobsza hydropower plant\"}]},{\"@type\":\"WebSite\",\"@id\":\"http:\/\/app-app042altener-prod-neu-001.azurewebsites.net\/#website\",\"url\":\"http:\/\/app-app042altener-prod-neu-001.azurewebsites.net\/\",\"name\":\"Altenergy\",\"description\":\"\",\"potentialAction\":[{\"@type\":\"SearchAction\",\"target\":{\"@type\":\"EntryPoint\",\"urlTemplate\":\"http:\/\/app-app042altener-prod-neu-001.azurewebsites.net\/?s={search_term_string}\"},\"query-input\":{\"@type\":\"PropertyValueSpecification\",\"valueRequired\":true,\"valueName\":\"search_term_string\"}}],\"inLanguage\":\"en-US\"}]}<\/script>\n<!-- \/ Yoast SEO plugin. -->","yoast_head_json":{"title":"Fels\u0151dobsza hydropower plant - Altenergy","robots":{"index":"index","follow":"follow","max-snippet":"max-snippet:-1","max-image-preview":"max-image-preview:large","max-video-preview":"max-video-preview:-1"},"canonical":"https:\/\/app-app042altener-prod-neu-001.azurewebsites.net\/en\/power-plants\/felsodobsza-hydropower-plant\/","og_locale":"en_US","og_type":"article","og_title":"Fels\u0151dobsza hydropower plant - Altenergy","og_url":"https:\/\/app-app042altener-prod-neu-001.azurewebsites.net\/en\/power-plants\/felsodobsza-hydropower-plant\/","og_site_name":"Altenergy","article_modified_time":"2022-09-26T16:04:05+00:00","twitter_card":"summary_large_image","twitter_misc":{"Est. reading time":"4 minutes"},"schema":{"@context":"https:\/\/schema.org","@graph":[{"@type":"WebPage","@id":"https:\/\/app-app042altener-prod-neu-001.azurewebsites.net\/en\/power-plants\/felsodobsza-hydropower-plant\/","url":"https:\/\/app-app042altener-prod-neu-001.azurewebsites.net\/en\/power-plants\/felsodobsza-hydropower-plant\/","name":"Fels\u0151dobsza hydropower plant - Altenergy","isPartOf":{"@id":"http:\/\/app-app042altener-prod-neu-001.azurewebsites.net\/#website"},"datePublished":"2022-06-21T07:44:27+00:00","dateModified":"2022-09-26T16:04:05+00:00","breadcrumb":{"@id":"https:\/\/app-app042altener-prod-neu-001.azurewebsites.net\/en\/power-plants\/felsodobsza-hydropower-plant\/#breadcrumb"},"inLanguage":"en-US","potentialAction":[{"@type":"ReadAction","target":["https:\/\/app-app042altener-prod-neu-001.azurewebsites.net\/en\/power-plants\/felsodobsza-hydropower-plant\/"]}]},{"@type":"BreadcrumbList","@id":"https:\/\/app-app042altener-prod-neu-001.azurewebsites.net\/en\/power-plants\/felsodobsza-hydropower-plant\/#breadcrumb","itemListElement":[{"@type":"ListItem","position":1,"name":"Kezd\u0151lap","item":"https:\/\/altenergy.hu\/en\/"},{"@type":"ListItem","position":2,"name":"Power plants","item":"https:\/\/app-app042altener-prod-neu-001.azurewebsites.net\/en\/power-plants\/"},{"@type":"ListItem","position":3,"name":"Fels\u0151dobsza hydropower plant"}]},{"@type":"WebSite","@id":"http:\/\/app-app042altener-prod-neu-001.azurewebsites.net\/#website","url":"http:\/\/app-app042altener-prod-neu-001.azurewebsites.net\/","name":"Altenergy","description":"","potentialAction":[{"@type":"SearchAction","target":{"@type":"EntryPoint","urlTemplate":"http:\/\/app-app042altener-prod-neu-001.azurewebsites.net\/?s={search_term_string}"},"query-input":{"@type":"PropertyValueSpecification","valueRequired":true,"valueName":"search_term_string"}}],"inLanguage":"en-US"}]}},"_links":{"self":[{"href":"https:\/\/altenergy.hu\/en\/wp-json\/wp\/v2\/pages\/1023","targetHints":{"allow":["GET"]}}],"collection":[{"href":"https:\/\/altenergy.hu\/en\/wp-json\/wp\/v2\/pages"}],"about":[{"href":"https:\/\/altenergy.hu\/en\/wp-json\/wp\/v2\/types\/page"}],"author":[{"embeddable":true,"href":"https:\/\/altenergy.hu\/en\/wp-json\/wp\/v2\/users\/1"}],"replies":[{"embeddable":true,"href":"https:\/\/altenergy.hu\/en\/wp-json\/wp\/v2\/comments?post=1023"}],"version-history":[{"count":3,"href":"https:\/\/altenergy.hu\/en\/wp-json\/wp\/v2\/pages\/1023\/revisions"}],"predecessor-version":[{"id":1026,"href":"https:\/\/altenergy.hu\/en\/wp-json\/wp\/v2\/pages\/1023\/revisions\/1026"}],"up":[{"embeddable":true,"href":"https:\/\/altenergy.hu\/en\/wp-json\/wp\/v2\/pages\/800"}],"wp:attachment":[{"href":"https:\/\/altenergy.hu\/en\/wp-json\/wp\/v2\/media?parent=1023"}],"curies":[{"name":"wp","href":"https:\/\/api.w.org\/{rel}","templated":true}]}}