{"id":793,"date":"2022-05-17T17:57:58","date_gmt":"2022-05-17T17:57:58","guid":{"rendered":"https:\/\/www.altenergy.hu\/energiapiaci-szolgaltatasi-portfolionk\/"},"modified":"2025-08-24T11:19:57","modified_gmt":"2025-08-24T09:19:57","slug":"energy-market-service-portfolio","status":"publish","type":"page","link":"https:\/\/altenergy.hu\/en\/energy-market-service-portfolio\/","title":{"rendered":"Energy market service portfolio"},"content":{"rendered":"\n  <div class=\"banner has-hover\" id=\"banner-1026713004\">\n          <div class=\"banner-inner fill\">\n        <div class=\"banner-bg fill\" >\n                                                \n                    <\/div>\n\t\t\n        <div class=\"banner-layers container\">\n            <div class=\"fill banner-link\"><\/div>            \n   <div id=\"text-box-1594482405\" class=\"text-box banner-layer x5 md-x5 lg-x0 y50 md-y50 lg-y50 res-text\">\n                                <div class=\"text-box-content text dark\">\n              \n              <div class=\"text-inner text-left\">\n                  \n\t<div id=\"text-268248989\" class=\"text\">\n\t\t\n<h1><strong>Energy market service portfolio<\/strong><\/h1>\n\t\t\n<style>\n#text-268248989 {\n  font-size: 0.8rem;\n}\n<\/style>\n\t<\/div>\n\t\n              <\/div>\n           <\/div>\n                            \n<style>\n#text-box-1594482405 {\n  width: 92%;\n}\n#text-box-1594482405 .text-box-content {\n  font-size: 100%;\n}\n@media (min-width:850px) {\n  #text-box-1594482405 {\n    width: 60%;\n  }\n}\n<\/style>\n    <\/div>\n \n        <\/div>\n      <\/div>\n\n            \n<style>\n#banner-1026713004 {\n  padding-top: 50%;\n}\n@media (min-width:550px) {\n  #banner-1026713004 {\n    padding-top: 25%;\n  }\n}\n<\/style>\n  <\/div>\n\n\n\n\t<section class=\"section\" id=\"section_1108992996\">\n\t\t<div class=\"section-bg fill\" >\n\t\t\t\t\t\t\t\t\t\n\t\t\t\n\n\t\t<\/div>\n\n\t\t\n\n\t\t<div class=\"section-content relative\">\n\t\t\t\n\n<div class=\"row row-collapse iconrow\"  id=\"row-1632861101\">\n\n\n\t<div id=\"col-2041841505\" class=\"col medium-3 small-6 large-3\"  >\n\t\t\t\t<div class=\"col-inner\"  >\n\t\t\t\n\t\t\t\n\n\n\t<a class=\"plain\" href=\"https:\/\/www.altenergy.hu\/en\/request-electricity-quote\/\" >\t<div class=\"icon-box featured-box icon-box-center text-center\"  >\n\t\t\t\t\t<div class=\"icon-box-img has-icon-bg\" style=\"width: 64px\">\n\t\t\t\t<div class=\"icon\">\n\t\t\t\t\t<div class=\"icon-inner\" style=\"border-width:2px;\">\n\t\t\t\t\t\t<img loading=\"lazy\" decoding=\"async\" width=\"64\" height=\"64\" src=\"https:\/\/altenergy.hu\/wp-content\/uploads\/2022\/07\/altenergy-villamosenergia_kiskereskedelem-icon.png\" class=\"attachment-medium size-medium\" alt=\"\" \/>\t\t\t\t\t<\/div>\n\t\t\t\t<\/div>\n\t\t\t<\/div>\n\t\t\t\t<div class=\"icon-box-text last-reset\">\n\t\t\t\t\t\t\t\t\t\n\n\t<div id=\"text-30040559\" class=\"text\">\n\t\t\n\n<p><a href=\"https:\/\/www.altenergy.hu\/en\/request-electricity-quote\/\">Request electricity quote<\/a><\/p>\n\t\t\n<style>\n#text-30040559 {\n  color: rgb(0, 183, 206);\n}\n#text-30040559 > * {\n  color: rgb(0, 183, 206);\n}\n<\/style>\n\t<\/div>\n\t\n\n\t\t<\/div>\n\t<\/div>\n\t<\/a>\n\t\n\n\t\t<\/div>\n\t\t\t\t\t<\/div>\n\n\t\n\n\t<div id=\"col-493559866\" class=\"col medium-3 small-6 large-3\"  >\n\t\t\t\t<div class=\"col-inner\"  >\n\t\t\t\n\t\t\t\n\n\n\t<a class=\"plain\" href=\"https:\/\/www.altenergy.hu\/en\/request-natural-gas-quote\/\" >\t<div class=\"icon-box featured-box icon-box-center text-center\"  >\n\t\t\t\t\t<div class=\"icon-box-img has-icon-bg\" style=\"width: 64px\">\n\t\t\t\t<div class=\"icon\">\n\t\t\t\t\t<div class=\"icon-inner\" style=\"border-width:2px;\">\n\t\t\t\t\t\t<img loading=\"lazy\" decoding=\"async\" width=\"64\" height=\"64\" src=\"https:\/\/altenergy.hu\/wp-content\/uploads\/2022\/07\/altenergy-foldgaz_kiskereskedelem-icon.png\" class=\"attachment-medium size-medium\" alt=\"\" \/>\t\t\t\t\t<\/div>\n\t\t\t\t<\/div>\n\t\t\t<\/div>\n\t\t\t\t<div class=\"icon-box-text last-reset\">\n\t\t\t\t\t\t\t\t\t\n\n\t<div id=\"text-1776510747\" class=\"text\">\n\t\t\n\n<p><a href=\"https:\/\/www.altenergy.hu\/en\/request-natural-gas-quote\/\">Request natural gas quote<\/a><\/p>\n\t\t\n<style>\n#text-1776510747 {\n  color: rgb(0, 183, 206);\n}\n#text-1776510747 > * {\n  color: rgb(0, 183, 206);\n}\n<\/style>\n\t<\/div>\n\t\n\n\t\t<\/div>\n\t<\/div>\n\t<\/a>\n\t\n\n\t\t<\/div>\n\t\t\t\t\t<\/div>\n\n\t\n\n\t<div id=\"col-626508700\" class=\"col medium-3 small-6 large-3\"  >\n\t\t\t\t<div class=\"col-inner\"  >\n\t\t\t\n\t\t\t\n\n\n\t<a class=\"plain\" href=\"https:\/\/www.altenergy.hu\/en\/contact\/\" >\t<div class=\"icon-box featured-box icon-box-center text-center\"  >\n\t\t\t\t\t<div class=\"icon-box-img has-icon-bg\" style=\"width: 64px\">\n\t\t\t\t<div class=\"icon\">\n\t\t\t\t\t<div class=\"icon-inner\" style=\"border-width:2px;\">\n\t\t\t\t\t\t<img loading=\"lazy\" decoding=\"async\" width=\"64\" height=\"64\" src=\"https:\/\/altenergy.hu\/wp-content\/uploads\/2022\/07\/altenergy-kontakt-icon.png\" class=\"attachment-medium size-medium\" alt=\"\" \/>\t\t\t\t\t<\/div>\n\t\t\t\t<\/div>\n\t\t\t<\/div>\n\t\t\t\t<div class=\"icon-box-text last-reset\">\n\t\t\t\t\t\t\t\t\t\n\n\t<div id=\"text-501769316\" class=\"text\">\n\t\t\n\n<p><a href=\"https:\/\/www.altenergy.hu\/en\/contact\/\">Contact details<\/a><\/p>\n\t\t\n<style>\n#text-501769316 {\n  color: rgb(0, 183, 206);\n}\n#text-501769316 > * {\n  color: rgb(0, 183, 206);\n}\n<\/style>\n\t<\/div>\n\t\n\n\t\t<\/div>\n\t<\/div>\n\t<\/a>\n\t\n\n\t\t<\/div>\n\t\t\t\t\t<\/div>\n\n\t\n\n\t<div id=\"col-1166511671\" class=\"col medium-3 small-6 large-3\"  >\n\t\t\t\t<div class=\"col-inner\"  >\n\t\t\t\n\t\t\t\n\n\n\t<a class=\"plain\" href=\"https:\/\/ugyfelkapu.alteo.hu\/\" target=\"_blank\" rel=\"noopener\" >\t<div class=\"icon-box featured-box icon-box-center text-center\"  >\n\t\t\t\t\t<div class=\"icon-box-img has-icon-bg\" style=\"width: 64px\">\n\t\t\t\t<div class=\"icon\">\n\t\t\t\t\t<div class=\"icon-inner\" style=\"border-width:2px;\">\n\t\t\t\t\t\t<img loading=\"lazy\" decoding=\"async\" width=\"64\" height=\"64\" src=\"https:\/\/altenergy.hu\/wp-content\/uploads\/2022\/07\/altenergy-ugyfelkapu-icon.png\" class=\"attachment-medium size-medium\" alt=\"\" \/>\t\t\t\t\t<\/div>\n\t\t\t\t<\/div>\n\t\t\t<\/div>\n\t\t\t\t<div class=\"icon-box-text last-reset\">\n\t\t\t\t\t\t\t\t\t\n\n\t<div id=\"text-1966799103\" class=\"text\">\n\t\t\n\n<p><a href=\"https:\/\/ugyfelkapu.alteo.hu\/\" target=\"_blank\" rel=\"noopener\">Client area<\/a><\/p>\n\t\t\n<style>\n#text-1966799103 {\n  color: rgb(0, 183, 206);\n}\n#text-1966799103 > * {\n  color: rgb(0, 183, 206);\n}\n<\/style>\n\t<\/div>\n\t\n\n\t\t<\/div>\n\t<\/div>\n\t<\/a>\n\t\n\n\t\t<\/div>\n\t\t\t\t\t<\/div>\n\n\t\n\n<\/div>\n\n\t\t<\/div>\n\n\t\t\n<style>\n#section_1108992996 {\n  padding-top: 30px;\n  padding-bottom: 30px;\n  background-color: rgb(244, 244, 244);\n}\n<\/style>\n\t<\/section>\n\t\n\n\t<section class=\"section\" id=\"section_1022874769\">\n\t\t<div class=\"section-bg fill\" >\n\t\t\t\t\t\t\t\t\t\n\t\t\t\n\n\t\t<\/div>\n\n\t\t\n\n\t\t<div class=\"section-content relative\">\n\t\t\t\n<div class=\"row row-collapse align-equal\"  id=\"row-830147423\">\n\n\t<div id=\"col-418016520\" class=\"col medium-6 small-12 large-6\"  >\n\t\t\t\t<div class=\"col-inner\" style=\"background-color:rgb(245, 248, 250);\" >\n\t\t\t\n\t\t\t\n<p>Beyond basic commercial services, our diversified portfolio of activities includes extras that allow us to comprehensively fulfil even the most unique customer needs.<\/p>\n<p>This gives our partners seeking complex services a huge advantage in terms of operational efficiency, pricing, and administration alike, while our extensive and long-standing industry experience means we can deliver the very best solutions for even the most unusual needs.<\/p>\n\t\t<\/div>\n\t\t\t\t\n<style>\n#col-418016520 > .col-inner {\n  padding: 30px 30px 30px 30px;\n}\n<\/style>\n\t<\/div>\n\n\t\n\n\t<div id=\"col-469222056\" class=\"col medium-6 small-12 large-6\"  >\n\t\t\t\t<div class=\"col-inner\"  >\n\t\t\t\n\t\t\t\n\t<div class=\"img has-hover nopadd x md-x lg-x y md-y lg-y\" id=\"image_490228319\">\n\t\t\t\t\t\t\t\t<div class=\"img-inner dark\" >\n\t\t\t<img loading=\"lazy\" decoding=\"async\" width=\"600\" height=\"400\" src=\"https:\/\/altenergy.hu\/wp-content\/uploads\/2022\/05\/altenergy-energiapiaci-szolgaltatasok-headline.jpg\" class=\"attachment-original size-original\" alt=\"Altenergy - Energiapiaci szolg\u00e1ltat\u00e1sok\" srcset=\"https:\/\/altenergy.hu\/wp-content\/uploads\/2022\/05\/altenergy-energiapiaci-szolgaltatasok-headline.jpg 600w, https:\/\/altenergy.hu\/wp-content\/uploads\/2022\/05\/altenergy-energiapiaci-szolgaltatasok-headline-300x200.jpg 300w\" sizes=\"auto, (max-width: 600px) 100vw, 600px\" \/>\t\t\t\t\t\t\n\t\t\t\t\t<\/div>\n\t\t\t\t\t\t\t\t\n<style>\n#image_490228319 {\n  width: 100%;\n}\n<\/style>\n\t<\/div>\n\t\n\t\t<\/div>\n\t\t\t\t\t<\/div>\n\n\t\n<\/div>\n\t<div id=\"gap-748276990\" class=\"gap-element clearfix\" style=\"display:block; height:auto;\">\n\t\t\n<style>\n#gap-748276990 {\n  padding-top: 30px;\n}\n<\/style>\n\t<\/div>\n\t\n<div class=\"row row-collapse\"  id=\"row-1190748911\">\n\n\t<div id=\"col-854025501\" class=\"col medium-6 small-12 large-6\"  >\n\t\t\t\t<div class=\"col-inner\"  >\n\t\t\t\n\t\t\t\n\t<div class=\"img has-hover x md-x lg-x y md-y lg-y\" id=\"image_660063922\">\n\t\t\t\t\t\t\t\t<div class=\"img-inner image-cover dark\" style=\"padding-top:75%;\">\n\t\t\t<img loading=\"lazy\" decoding=\"async\" width=\"600\" height=\"400\" src=\"https:\/\/altenergy.hu\/wp-content\/uploads\/2022\/06\/altenergy-energiapiaci-szolgaltatasok-menetrendezes-sinergy-1.jpg\" class=\"attachment-large size-large\" alt=\"Altenergy - Energiapiaci szolg\u00e1ltat\u00e1sok - Menetrendez\u00e9s - Sinergy\" srcset=\"https:\/\/altenergy.hu\/wp-content\/uploads\/2022\/06\/altenergy-energiapiaci-szolgaltatasok-menetrendezes-sinergy-1.jpg 600w, https:\/\/altenergy.hu\/wp-content\/uploads\/2022\/06\/altenergy-energiapiaci-szolgaltatasok-menetrendezes-sinergy-1-300x200.jpg 300w\" sizes=\"auto, (max-width: 600px) 100vw, 600px\" \/>\t\t\t\t\t\t\n\t\t\t\t\t<\/div>\n\t\t\t\t\t\t\t\t\n<style>\n#image_660063922 {\n  width: 100%;\n}\n<\/style>\n\t<\/div>\n\t\n\t\t<\/div>\n\t\t\t\t\t<\/div>\n\n\t\n\n\t<div id=\"col-1908687087\" class=\"col medium-6 small-12 large-6\"  >\n\t\t\t\t<div class=\"col-inner\"  >\n\t\t\t\n\t\t\t\n<h2><strong>Scheduling<\/strong><\/h2>\n<p>As one of the country\u2019s leading companies with unrivalled professional expertise and technical background in commercial services for power plants, we know exactly and follow what our partners need \u2013 whether for a renewable energy group or an agricultural business with solar power plants on its premises.<\/p>\n<div class=\"ux-logo has-hover align-middle ux_logo inline-block\" style=\"max-width: 100%!important; width: 130px!important\"><a class=\"ux-logo-link block image-\" title=\"\" target=\"_blank\" rel=\"noopener\" href=\"https:\/\/sinergy.hu\" style=\"padding: 15px;\"><img decoding=\"async\" src=\"https:\/\/altenergy.hu\/wp-content\/uploads\/2022\/05\/sinergy-logo.png\" title=\"\" alt=\"\" class=\"ux-logo-image block\" style=\"height:23px;\" \/><\/a><\/div>\n\t\t<\/div>\n\t\t\t\t\n<style>\n#col-1908687087 > .col-inner {\n  padding: 30px 30px 30px 30px;\n}\n<\/style>\n\t<\/div>\n\n\t\n<\/div>\n\t<div id=\"gap-245669054\" class=\"gap-element clearfix\" style=\"display:block; height:auto;\">\n\t\t\n<style>\n#gap-245669054 {\n  padding-top: 30px;\n}\n<\/style>\n\t<\/div>\n\t\n<div class=\"row row-collapse\"  id=\"row-258112474\">\n\n\t<div id=\"col-131302811\" class=\"col medium-6 small-12 large-6\"  >\n\t\t\t\t<div class=\"col-inner\"  >\n\t\t\t\n\t\t\t\n<h2><strong>E-mobility<\/strong><\/h2>\n<p>As a full-service electromobility provider, we offer comprehensive and sustainable services in the sale, installation, and operation of licensed electric charging equipment for the home, business, and public charger market.<\/p>\n<div class=\"ux-logo has-hover align-middle ux_logo inline-block\" style=\"max-width: 100%!important; width: 135.61556603774px!important\"><a class=\"ux-logo-link block image-\" title=\"\" href=\"https:\/\/altego.hu\/\" style=\"padding: 15px;\"><img decoding=\"async\" src=\"https:\/\/altenergy.hu\/wp-content\/uploads\/2025\/08\/alteGO_2025_logo_RGB.png\" title=\"\" alt=\"\" class=\"ux-logo-image block\" style=\"height:23px;\" \/><\/a><\/div>\n\t\t<\/div>\n\t\t\t\t\n<style>\n#col-131302811 > .col-inner {\n  padding: 30px 30px 30px 30px;\n}\n<\/style>\n\t<\/div>\n\n\t\n\n\t<div id=\"col-158533757\" class=\"col medium-6 small-12 large-6\"  >\n\t\t\t\t<div class=\"col-inner\"  >\n\t\t\t\n\t\t\t\n\t<div class=\"img has-hover x md-x lg-x y md-y lg-y\" id=\"image_834094778\">\n\t\t\t\t\t\t\t\t<div class=\"img-inner image-cover dark\" style=\"padding-top:75%;\">\n\t\t\t<img loading=\"lazy\" decoding=\"async\" width=\"600\" height=\"403\" src=\"https:\/\/altenergy.hu\/wp-content\/uploads\/2022\/06\/altenergy-energiapiaci-szolgaltatasok-emobilitas-altego-1.jpg\" class=\"attachment-large size-large\" alt=\"Altenergy - Energiapiaci szolg\u00e1ltat\u00e1sok - E-mobilit\u00e1s - Alte-GO\" srcset=\"https:\/\/altenergy.hu\/wp-content\/uploads\/2022\/06\/altenergy-energiapiaci-szolgaltatasok-emobilitas-altego-1.jpg 600w, https:\/\/altenergy.hu\/wp-content\/uploads\/2022\/06\/altenergy-energiapiaci-szolgaltatasok-emobilitas-altego-1-300x202.jpg 300w\" sizes=\"auto, (max-width: 600px) 100vw, 600px\" \/>\t\t\t\t\t\t\n\t\t\t\t\t<\/div>\n\t\t\t\t\t\t\t\t\n<style>\n#image_834094778 {\n  width: 100%;\n}\n<\/style>\n\t<\/div>\n\t\n\t\t<\/div>\n\t\t\t\t\t<\/div>\n\n\t\n<\/div>\n\t<div id=\"gap-350522344\" class=\"gap-element clearfix\" style=\"display:block; height:auto;\">\n\t\t\n<style>\n#gap-350522344 {\n  padding-top: 30px;\n}\n<\/style>\n\t<\/div>\n\t\n<div class=\"row row-collapse\"  id=\"row-1790563397\">\n\n\t<div id=\"col-1854642493\" class=\"col medium-6 small-12 large-6\"  >\n\t\t\t\t<div class=\"col-inner\"  >\n\t\t\t\n\t\t\t\n\t<div class=\"img has-hover x md-x lg-x y md-y lg-y\" id=\"image_1592084859\">\n\t\t\t\t\t\t\t\t<div class=\"img-inner dark\" >\n\t\t\t<img loading=\"lazy\" decoding=\"async\" width=\"600\" height=\"439\" src=\"https:\/\/altenergy.hu\/wp-content\/uploads\/2022\/06\/altenergy-energiapiaci_szolgaltatasok-hulladekgazdalkodas-ecofirst.jpg\" class=\"attachment-large size-large\" alt=\"Altenergy - Energiapiaci szolg\u00e1ltat\u00e1sok - Hullad\u00e9kgazd\u00e1lkod\u00e1s - Ecofirst\" srcset=\"https:\/\/altenergy.hu\/wp-content\/uploads\/2022\/06\/altenergy-energiapiaci_szolgaltatasok-hulladekgazdalkodas-ecofirst.jpg 600w, https:\/\/altenergy.hu\/wp-content\/uploads\/2022\/06\/altenergy-energiapiaci_szolgaltatasok-hulladekgazdalkodas-ecofirst-300x220.jpg 300w\" sizes=\"auto, (max-width: 600px) 100vw, 600px\" \/>\t\t\t\t\t\t\n\t\t\t\t\t<\/div>\n\t\t\t\t\t\t\t\t\n<style>\n#image_1592084859 {\n  width: 100%;\n}\n<\/style>\n\t<\/div>\n\t\n\t\t<\/div>\n\t\t\t\t\t<\/div>\n\n\t\n\n\t<div id=\"col-75541562\" class=\"col medium-6 small-12 large-6\"  >\n\t\t\t\t<div class=\"col-inner\"  >\n\t\t\t\n\t\t\t\n<h2><strong>Waste management<\/strong><\/h2>\n<p>As the perfect guide in the transition to modern waste management, our specialized business unit is firmly committed to the principles of sustainability and the circular economy, not only providing waste management services to a number of large companies, but also actively involved in the development of complex waste management directions and guidelines. <\/p>\n<div class=\"ux-logo has-hover align-middle ux_logo inline-block\" style=\"max-width: 100%!important; width: 134.54545454545px!important\"><a class=\"ux-logo-link block image-\" title=\"\" target=\"_blank\" rel=\"noopener\" href=\"https:\/\/ecofirst.hu\" style=\"padding: 15px;\"><img decoding=\"async\" src=\"https:\/\/altenergy.hu\/wp-content\/uploads\/2022\/05\/ecofirst-logo.png\" title=\"\" alt=\"\" class=\"ux-logo-image block\" style=\"height:23px;\" \/><\/a><\/div>\n\t\t<\/div>\n\t\t\t\t\n<style>\n#col-75541562 > .col-inner {\n  padding: 30px 30px 30px 30px;\n}\n<\/style>\n\t<\/div>\n\n\t\n<\/div>\n\t\t<\/div>\n\n\t\t\n<style>\n#section_1022874769 {\n  padding-top: 60px;\n  padding-bottom: 60px;\n}\n<\/style>\n\t<\/section>\n\t\n","protected":false},"excerpt":{"rendered":"","protected":false},"author":1,"featured_media":0,"parent":0,"menu_order":0,"comment_status":"closed","ping_status":"closed","template":"page-blank.php","meta":{"footnotes":""},"class_list":["post-793","page","type-page","status-publish","hentry"],"yoast_head":"<!-- This site is optimized with the Yoast SEO plugin v26.8 - https:\/\/yoast.com\/product\/yoast-seo-wordpress\/ -->\n<title>Energy market service portfolio - Altenergy<\/title>\n<meta name=\"robots\" content=\"index, follow, max-snippet:-1, max-image-preview:large, max-video-preview:-1\" \/>\n<link rel=\"canonical\" href=\"https:\/\/app-app042altener-prod-neu-001.azurewebsites.net\/en\/energy-market-service-portfolio\/\" \/>\n<meta property=\"og:locale\" content=\"en_US\" \/>\n<meta property=\"og:type\" content=\"article\" \/>\n<meta property=\"og:title\" content=\"Energy market service portfolio - Altenergy\" \/>\n<meta property=\"og:url\" content=\"https:\/\/app-app042altener-prod-neu-001.azurewebsites.net\/en\/energy-market-service-portfolio\/\" \/>\n<meta property=\"og:site_name\" content=\"Altenergy\" \/>\n<meta property=\"article:modified_time\" content=\"2025-08-24T09:19:57+00:00\" \/>\n<meta name=\"twitter:card\" content=\"summary_large_image\" \/>\n<meta name=\"twitter:label1\" content=\"Est. reading time\" \/>\n\t<meta name=\"twitter:data1\" content=\"2 minutes\" \/>\n<script type=\"application\/ld+json\" class=\"yoast-schema-graph\">{\"@context\":\"https:\/\/schema.org\",\"@graph\":[{\"@type\":\"WebPage\",\"@id\":\"https:\/\/app-app042altener-prod-neu-001.azurewebsites.net\/en\/energy-market-service-portfolio\/\",\"url\":\"https:\/\/app-app042altener-prod-neu-001.azurewebsites.net\/en\/energy-market-service-portfolio\/\",\"name\":\"Energy market service portfolio - Altenergy\",\"isPartOf\":{\"@id\":\"http:\/\/app-app042altener-prod-neu-001.azurewebsites.net\/#website\"},\"datePublished\":\"2022-05-17T17:57:58+00:00\",\"dateModified\":\"2025-08-24T09:19:57+00:00\",\"breadcrumb\":{\"@id\":\"https:\/\/app-app042altener-prod-neu-001.azurewebsites.net\/en\/energy-market-service-portfolio\/#breadcrumb\"},\"inLanguage\":\"en-US\",\"potentialAction\":[{\"@type\":\"ReadAction\",\"target\":[\"https:\/\/app-app042altener-prod-neu-001.azurewebsites.net\/en\/energy-market-service-portfolio\/\"]}]},{\"@type\":\"BreadcrumbList\",\"@id\":\"https:\/\/app-app042altener-prod-neu-001.azurewebsites.net\/en\/energy-market-service-portfolio\/#breadcrumb\",\"itemListElement\":[{\"@type\":\"ListItem\",\"position\":1,\"name\":\"Kezd\u0151lap\",\"item\":\"https:\/\/altenergy.hu\/en\/\"},{\"@type\":\"ListItem\",\"position\":2,\"name\":\"Energy market service portfolio\"}]},{\"@type\":\"WebSite\",\"@id\":\"http:\/\/app-app042altener-prod-neu-001.azurewebsites.net\/#website\",\"url\":\"http:\/\/app-app042altener-prod-neu-001.azurewebsites.net\/\",\"name\":\"Altenergy\",\"description\":\"\",\"potentialAction\":[{\"@type\":\"SearchAction\",\"target\":{\"@type\":\"EntryPoint\",\"urlTemplate\":\"http:\/\/app-app042altener-prod-neu-001.azurewebsites.net\/?s={search_term_string}\"},\"query-input\":{\"@type\":\"PropertyValueSpecification\",\"valueRequired\":true,\"valueName\":\"search_term_string\"}}],\"inLanguage\":\"en-US\"}]}<\/script>\n<!-- \/ Yoast SEO plugin. -->","yoast_head_json":{"title":"Energy market service portfolio - Altenergy","robots":{"index":"index","follow":"follow","max-snippet":"max-snippet:-1","max-image-preview":"max-image-preview:large","max-video-preview":"max-video-preview:-1"},"canonical":"https:\/\/app-app042altener-prod-neu-001.azurewebsites.net\/en\/energy-market-service-portfolio\/","og_locale":"en_US","og_type":"article","og_title":"Energy market service portfolio - Altenergy","og_url":"https:\/\/app-app042altener-prod-neu-001.azurewebsites.net\/en\/energy-market-service-portfolio\/","og_site_name":"Altenergy","article_modified_time":"2025-08-24T09:19:57+00:00","twitter_card":"summary_large_image","twitter_misc":{"Est. reading time":"2 minutes"},"schema":{"@context":"https:\/\/schema.org","@graph":[{"@type":"WebPage","@id":"https:\/\/app-app042altener-prod-neu-001.azurewebsites.net\/en\/energy-market-service-portfolio\/","url":"https:\/\/app-app042altener-prod-neu-001.azurewebsites.net\/en\/energy-market-service-portfolio\/","name":"Energy market service portfolio - Altenergy","isPartOf":{"@id":"http:\/\/app-app042altener-prod-neu-001.azurewebsites.net\/#website"},"datePublished":"2022-05-17T17:57:58+00:00","dateModified":"2025-08-24T09:19:57+00:00","breadcrumb":{"@id":"https:\/\/app-app042altener-prod-neu-001.azurewebsites.net\/en\/energy-market-service-portfolio\/#breadcrumb"},"inLanguage":"en-US","potentialAction":[{"@type":"ReadAction","target":["https:\/\/app-app042altener-prod-neu-001.azurewebsites.net\/en\/energy-market-service-portfolio\/"]}]},{"@type":"BreadcrumbList","@id":"https:\/\/app-app042altener-prod-neu-001.azurewebsites.net\/en\/energy-market-service-portfolio\/#breadcrumb","itemListElement":[{"@type":"ListItem","position":1,"name":"Kezd\u0151lap","item":"https:\/\/altenergy.hu\/en\/"},{"@type":"ListItem","position":2,"name":"Energy market service portfolio"}]},{"@type":"WebSite","@id":"http:\/\/app-app042altener-prod-neu-001.azurewebsites.net\/#website","url":"http:\/\/app-app042altener-prod-neu-001.azurewebsites.net\/","name":"Altenergy","description":"","potentialAction":[{"@type":"SearchAction","target":{"@type":"EntryPoint","urlTemplate":"http:\/\/app-app042altener-prod-neu-001.azurewebsites.net\/?s={search_term_string}"},"query-input":{"@type":"PropertyValueSpecification","valueRequired":true,"valueName":"search_term_string"}}],"inLanguage":"en-US"}]}},"_links":{"self":[{"href":"https:\/\/altenergy.hu\/en\/wp-json\/wp\/v2\/pages\/793","targetHints":{"allow":["GET"]}}],"collection":[{"href":"https:\/\/altenergy.hu\/en\/wp-json\/wp\/v2\/pages"}],"about":[{"href":"https:\/\/altenergy.hu\/en\/wp-json\/wp\/v2\/types\/page"}],"author":[{"embeddable":true,"href":"https:\/\/altenergy.hu\/en\/wp-json\/wp\/v2\/users\/1"}],"replies":[{"embeddable":true,"href":"https:\/\/altenergy.hu\/en\/wp-json\/wp\/v2\/comments?post=793"}],"version-history":[{"count":3,"href":"https:\/\/altenergy.hu\/en\/wp-json\/wp\/v2\/pages\/793\/revisions"}],"predecessor-version":[{"id":1221,"href":"https:\/\/altenergy.hu\/en\/wp-json\/wp\/v2\/pages\/793\/revisions\/1221"}],"wp:attachment":[{"href":"https:\/\/altenergy.hu\/en\/wp-json\/wp\/v2\/media?parent=793"}],"curies":[{"name":"wp","href":"https:\/\/api.w.org\/{rel}","templated":true}]}}