{"id":866,"date":"2022-06-07T11:38:23","date_gmt":"2022-06-07T09:38:23","guid":{"rendered":"https:\/\/www.altenergy.hu\/miert-erdemes-velunk-szerzodnie\/"},"modified":"2022-09-26T12:39:14","modified_gmt":"2022-09-26T10:39:14","slug":"why-contract-with-us","status":"publish","type":"page","link":"https:\/\/altenergy.hu\/en\/why-contract-with-us\/","title":{"rendered":"WHY contract with us?"},"content":{"rendered":"\n  <div class=\"banner has-hover\" id=\"banner-151089841\">\n          <div class=\"banner-inner fill\">\n        <div class=\"banner-bg fill\" >\n            <img loading=\"lazy\" decoding=\"async\" width=\"1020\" height=\"319\" src=\"https:\/\/altenergy.hu\/wp-content\/uploads\/2022\/06\/altenergy-miert-erdemes-velunk-szerzodnie-1024x320.jpg\" class=\"bg attachment-large size-large\" alt=\"Altenergy - Mi\u00e9rt \u00e9rdemes vel\u00fcnk szerz\u0151dnie?\" \/>                                    \n                    <\/div>\n\t\t\n        <div class=\"banner-layers container\">\n            <div class=\"fill banner-link\"><\/div>            \n   <div id=\"text-box-1032598778\" class=\"text-box banner-layer x5 md-x5 lg-x0 y50 md-y50 lg-y50 res-text\">\n                                <div class=\"text-box-content text dark\">\n              \n              <div class=\"text-inner text-left\">\n                  \n\t<div id=\"text-860296137\" class=\"text\">\n\t\t\n<h1><strong>Why Altenergy?<\/strong><\/h1>\n\t\t\n<style>\n#text-860296137 {\n  font-size: 0.8rem;\n}\n<\/style>\n\t<\/div>\n\t\n              <\/div>\n           <\/div>\n                            \n<style>\n#text-box-1032598778 {\n  width: 60%;\n}\n#text-box-1032598778 .text-box-content {\n  font-size: 100%;\n}\n<\/style>\n    <\/div>\n \n        <\/div>\n      <\/div>\n\n            \n<style>\n#banner-151089841 {\n  padding-top: 50%;\n}\n@media (min-width:550px) {\n  #banner-151089841 {\n    padding-top: 25%;\n  }\n}\n<\/style>\n  <\/div>\n\n\n\n\t<section class=\"section\" id=\"section_1936026202\">\n\t\t<div class=\"section-bg fill\" >\n\t\t\t\t\t\t\t\t\t\n\t\t\t\n\n\t\t<\/div>\n\n\t\t\n\n\t\t<div class=\"section-content relative\">\n\t\t\t\n\n<div class=\"row row-collapse iconrow\"  id=\"row-676889008\">\n\n\n\t<div id=\"col-772302786\" class=\"col medium-3 small-6 large-3\"  >\n\t\t\t\t<div class=\"col-inner\"  >\n\t\t\t\n\t\t\t\n\n\n\t<a class=\"plain\" href=\"https:\/\/www.altenergy.hu\/en\/request-electricity-quote\/\" >\t<div class=\"icon-box featured-box icon-box-center text-center\"  >\n\t\t\t\t\t<div class=\"icon-box-img has-icon-bg\" style=\"width: 64px\">\n\t\t\t\t<div class=\"icon\">\n\t\t\t\t\t<div class=\"icon-inner\" style=\"border-width:2px;\">\n\t\t\t\t\t\t<img loading=\"lazy\" decoding=\"async\" width=\"64\" height=\"64\" src=\"https:\/\/altenergy.hu\/wp-content\/uploads\/2022\/07\/altenergy-villamosenergia_kiskereskedelem-icon.png\" class=\"attachment-medium size-medium\" alt=\"\" \/>\t\t\t\t\t<\/div>\n\t\t\t\t<\/div>\n\t\t\t<\/div>\n\t\t\t\t<div class=\"icon-box-text last-reset\">\n\t\t\t\t\t\t\t\t\t\n\n\t<div id=\"text-3832981041\" class=\"text\">\n\t\t\n\n<p><a href=\"https:\/\/www.altenergy.hu\/en\/request-electricity-quote\/\">Request electricity quote<\/a><\/p>\n\t\t\n<style>\n#text-3832981041 {\n  color: rgb(0, 183, 206);\n}\n#text-3832981041 > * {\n  color: rgb(0, 183, 206);\n}\n<\/style>\n\t<\/div>\n\t\n\n\t\t<\/div>\n\t<\/div>\n\t<\/a>\n\t\n\n\t\t<\/div>\n\t\t\t\t\t<\/div>\n\n\t\n\n\t<div id=\"col-1094673174\" class=\"col medium-3 small-6 large-3\"  >\n\t\t\t\t<div class=\"col-inner\"  >\n\t\t\t\n\t\t\t\n\n\n\t<a class=\"plain\" href=\"https:\/\/www.altenergy.hu\/en\/request-natural-gas-quote\/\" >\t<div class=\"icon-box featured-box icon-box-center text-center\"  >\n\t\t\t\t\t<div class=\"icon-box-img has-icon-bg\" style=\"width: 64px\">\n\t\t\t\t<div class=\"icon\">\n\t\t\t\t\t<div class=\"icon-inner\" style=\"border-width:2px;\">\n\t\t\t\t\t\t<img loading=\"lazy\" decoding=\"async\" width=\"64\" height=\"64\" src=\"https:\/\/altenergy.hu\/wp-content\/uploads\/2022\/07\/altenergy-foldgaz_kiskereskedelem-icon.png\" class=\"attachment-medium size-medium\" alt=\"\" \/>\t\t\t\t\t<\/div>\n\t\t\t\t<\/div>\n\t\t\t<\/div>\n\t\t\t\t<div class=\"icon-box-text last-reset\">\n\t\t\t\t\t\t\t\t\t\n\n\t<div id=\"text-646837341\" class=\"text\">\n\t\t\n\n<p><a href=\"https:\/\/www.altenergy.hu\/en\/request-natural-gas-quote\/\">Request natural gas quote<\/a><\/p>\n\t\t\n<style>\n#text-646837341 {\n  color: rgb(0, 183, 206);\n}\n#text-646837341 > * {\n  color: rgb(0, 183, 206);\n}\n<\/style>\n\t<\/div>\n\t\n\n\t\t<\/div>\n\t<\/div>\n\t<\/a>\n\t\n\n\t\t<\/div>\n\t\t\t\t\t<\/div>\n\n\t\n\n\t<div id=\"col-153165171\" class=\"col medium-3 small-6 large-3\"  >\n\t\t\t\t<div class=\"col-inner\"  >\n\t\t\t\n\t\t\t\n\n\n\t<a class=\"plain\" href=\"https:\/\/www.altenergy.hu\/en\/contact\/\" >\t<div class=\"icon-box featured-box icon-box-center text-center\"  >\n\t\t\t\t\t<div class=\"icon-box-img has-icon-bg\" style=\"width: 64px\">\n\t\t\t\t<div class=\"icon\">\n\t\t\t\t\t<div class=\"icon-inner\" style=\"border-width:2px;\">\n\t\t\t\t\t\t<img loading=\"lazy\" decoding=\"async\" width=\"64\" height=\"64\" src=\"https:\/\/altenergy.hu\/wp-content\/uploads\/2022\/07\/altenergy-kontakt-icon.png\" class=\"attachment-medium size-medium\" alt=\"\" \/>\t\t\t\t\t<\/div>\n\t\t\t\t<\/div>\n\t\t\t<\/div>\n\t\t\t\t<div class=\"icon-box-text last-reset\">\n\t\t\t\t\t\t\t\t\t\n\n\t<div id=\"text-1033043627\" class=\"text\">\n\t\t\n\n<p><a href=\"https:\/\/www.altenergy.hu\/en\/contact\/\">Contact details<\/a><\/p>\n\t\t\n<style>\n#text-1033043627 {\n  color: rgb(0, 183, 206);\n}\n#text-1033043627 > * {\n  color: rgb(0, 183, 206);\n}\n<\/style>\n\t<\/div>\n\t\n\n\t\t<\/div>\n\t<\/div>\n\t<\/a>\n\t\n\n\t\t<\/div>\n\t\t\t\t\t<\/div>\n\n\t\n\n\t<div id=\"col-125914148\" class=\"col medium-3 small-6 large-3\"  >\n\t\t\t\t<div class=\"col-inner\"  >\n\t\t\t\n\t\t\t\n\n\n\t<a class=\"plain\" href=\"https:\/\/ugyfelkapu.alteo.hu\/\" target=\"_blank\" rel=\"noopener\" >\t<div class=\"icon-box featured-box icon-box-center text-center\"  >\n\t\t\t\t\t<div class=\"icon-box-img has-icon-bg\" style=\"width: 64px\">\n\t\t\t\t<div class=\"icon\">\n\t\t\t\t\t<div class=\"icon-inner\" style=\"border-width:2px;\">\n\t\t\t\t\t\t<img loading=\"lazy\" decoding=\"async\" width=\"64\" height=\"64\" src=\"https:\/\/altenergy.hu\/wp-content\/uploads\/2022\/07\/altenergy-ugyfelkapu-icon.png\" class=\"attachment-medium size-medium\" alt=\"\" \/>\t\t\t\t\t<\/div>\n\t\t\t\t<\/div>\n\t\t\t<\/div>\n\t\t\t\t<div class=\"icon-box-text last-reset\">\n\t\t\t\t\t\t\t\t\t\n\n\t<div id=\"text-3649257659\" class=\"text\">\n\t\t\n\n<p><a href=\"https:\/\/ugyfelkapu.alteo.hu\/\" target=\"_blank\" rel=\"noopener\">Client area<\/a><\/p>\n\t\t\n<style>\n#text-3649257659 {\n  color: rgb(0, 183, 206);\n}\n#text-3649257659 > * {\n  color: rgb(0, 183, 206);\n}\n<\/style>\n\t<\/div>\n\t\n\n\t\t<\/div>\n\t<\/div>\n\t<\/a>\n\t\n\n\t\t<\/div>\n\t\t\t\t\t<\/div>\n\n\t\n\n<\/div>\n\n\t\t<\/div>\n\n\t\t\n<style>\n#section_1936026202 {\n  padding-top: 30px;\n  padding-bottom: 30px;\n  background-color: rgb(244, 244, 244);\n}\n<\/style>\n\t<\/section>\n\t\n\n\t<section class=\"section\" id=\"section_22281701\">\n\t\t<div class=\"section-bg fill\" >\n\t\t\t\t\t\t\t\t\t\n\t\t\t\n\n\t\t<\/div>\n\n\t\t\n\n\t\t<div class=\"section-content relative\">\n\t\t\t\n<div class=\"row\"  id=\"row-1965961378\">\n\n\t<div id=\"col-1942570513\" class=\"col small-12 large-12\"  >\n\t\t\t\t<div class=\"col-inner\"  >\n\t\t\t\n\t\t\t\n<h2 class=\"black headline\">WHY contract with us?<\/h2>\n<h3>Because adaptation is our raison d\u2019\u00eatre.<\/h3>\n<p>The winners of development and change are always companies with adaptability and high risk management capacity. We provide a tailored response to ongoing energy market challenges. We offer our partners solutions that are the most reasonable at the given time from a professional and risk-management perspective.<\/p>\n<h3>Because we build creatively on our existing expertise.<\/h3>\n<p>Our innovative approach \u2013 which elevates professional creativity to master levels \u2013 is based on a solid knowledge base of diverse, multi-generational industry experience. Thus, a combination of expertise rooted in the past, backed up by a decade and a half of our own market experience and the latest industry know-how, creates corporate energy systems that are ideal starting points for building sustainable systems for the future. This is how our project proposals, based on the professional interrelationship of past and future factors, become innovations, and our services, far exceeding the market average, become unique, tailor-made solutions. This is what makes ALTEO stand out.<\/p>\n<h3>Because we set an example by looking to the future.<\/h3>\n<p>Putting the principles of sustainability and the circular economy into consistent practice has been part of our mission since our founding. Not only are our solutions future-proof: we also encourage our partners to make this approach an integral part of their thinking, and an integral part of the increasingly popular ESG approach. Our operations are, accordingly, subordinated to the philosophy described, and not just include the optimal utilization of renewable energy sources, but also go far beyond it. As active producers of renewable energy, we also help our partners to reduce their carbon footprint, making their sustainability ambitions more achievable.<\/p>\n<h3>Because we recognize and exploit real opportunities.<\/h3>\n<p>There are rules set in stone, but no situations set in stone. Confident professionalism is worth very little without quick situational awareness. As a forward-thinking, responsive company, we strive to complete every task with as little fuss, as accurately and as quickly as possible. Our professional experience, paired with openness and innovation, enables us to provide our partners with the most suitable solution at the right time and in the right situation to ensure a business advantage.<\/p>\n<h2 class=\"black headline\">Information materials to help develop a conscious attitude towards energy consumption<\/h2>\n<h3>\u00a0<\/h3>\n<h3>List of energy certification bodies:<\/h3>\n<p>Pursuant to the provisions of Section 23\/A(6) of Government Decree No. 273\/2007 (X.19.) and Section 23\/A of Government Decree No. 19\/2009 (I.30.), we inform you that the list of energy certification bodies is available:<\/p>\n<p><b>On the website of the Hungarian Chamber of Engineers, in the Members menu:<\/b>\u00a0<a href=\"http:\/\/mmk.hu\/kereses\/tagok\" target=\"_blank\" rel=\"noopener\">http:\/\/mmk.hu\/kereses\/tagok<\/a><\/p>\n<p>In the middle of the page displayed, in the \u201dSpecialization\u201d field, type one of the following abbreviations:<\/p>\n<ul>\n<li>\u201cEN-korl\u00e1tozott\u201d (Energy certification of buildings \u2013 with restrictions),<\/li>\n<li>\u201cEnt-Sz\u201d (Expert energy certification of buildings \u2013 full),<\/li>\n<li>\u201cT\u00c9\u201d (Energy certification of buildings)<\/li>\n<\/ul>\n<p>or select one of the categories from the drop-down menu below this field and you can start the search, which will bring up the list you are looking for.<\/p>\n<hr \/>\n<p><strong>On the website of the Chamber of Hungarian Architects, as follows:<\/strong>\u00a0<a href=\"https:\/\/eugyintezes.mekon.hu\/index.php?u=nevjegyzek#\" target=\"_blank\" rel=\"noopener\">https:\/\/eugyintezes.mekon.hu\/index.php?u=nevjegyzek#<\/a><\/p>\n<div>\n<p>To start a search, select the keyword \u201c<em>T\u00c9 \u2013 Energetikai tan\u00fas\u00edt\u00f3i jogosults\u00e1g\u201d<\/em> from the drop-down menu in the middle of the page.<\/p>\n<\/div>\n<hr \/>\n<h4>Energy efficiency pages of the Hungarian Energy and Public Utility Regulatory Authority:<\/h4>\n<p><strong>The Authority\u2019s information website on energy efficiency and renewable energy:<\/strong> <a href=\"http:\/\/energiahatekonysag.mekh.hu\/\" target=\"_blank\" rel=\"noopener\">http:\/\/energiahatekonysag.mekh.hu<\/a><\/p>\n<div>\n<p><strong>Electricity:<\/strong>\u00a0<a href=\"http:\/\/www.mekh.hu\/energiahatekonysag-villamos-energia\" target=\"_blank\" rel=\"noopener\">http:\/\/www.mekh.hu\/energiahatekonysag-villamos-energia<\/a><\/p>\n<p><strong>Natural gas:<\/strong>\u00a0<a href=\"http:\/\/www.mekh.hu\/energiahatekonysag-foldgaz\" target=\"_blank\" rel=\"noopener\">http:\/\/www.mekh.hu\/energiahatekonysag-foldgaz<\/a><\/p>\n<\/div>\n<hr \/>\n<h4>Energy saving opportunities and grant schemes available for investment projects:<\/h4>\n<div>\n<p><a href=\"http:\/\/palyazatmenedzser.hu\/cimke\/energetikai-palyazatok\/\" target=\"_blank\" rel=\"noopener\">http:\/\/palyazatmenedzser.hu\/cimke\/energetikai-palyazatok\/<\/a><\/p>\n<p><a href=\"http:\/\/www.palyazatihirek.eu\/energiatakarekossag\" target=\"_blank\" rel=\"noopener\">http:\/\/www.palyazatihirek.eu\/energiatakarekossag<\/a><\/p>\n<p><a href=\"http:\/\/palyazatok.org\/lakossagi-energiahatekonysagi-palyazatok-kisokos\/\" target=\"_blank\" rel=\"noopener\">http:\/\/palyazatok.org\/lakossagi-energiahatekonysagi-palyazatok-kisokos\/<\/a><\/p>\n<p><a href=\"http:\/\/www.emi.hu\/emi\/web.nsf\/Pub\/palyazatok.html\" target=\"_blank\" rel=\"noopener\">http:\/\/www.emi.hu\/emi\/web.nsf\/Pub\/palyazatok.html<\/a><\/p>\n<\/div>\n<hr \/>\n<h4>Contact details of energy consumer consultancy or advocacy organizations in our service area:<\/h4>\n<p><strong>Association of Hungarian Energy Consumers<\/strong><\/p>\n<div>\n<p>H-1091 Budapest, \u00dcll\u0151i \u00fat 25.<\/p>\n<p>E-mail:\u00a0<a href=\"mailto:mesz.iroda@freemail.hu\">mesz.iroda@freemail.hu<\/a><\/p>\n<p>Website: <a href=\"http:\/\/www.energiafogyasztok.hu\/\" target=\"_blank\" rel=\"noopener\">www.energiafogyasztok.hu<\/a><\/p>\n<p>Phone: <a href=\"tel:+3612107116\">36\/1\/2107116<\/a><\/p>\n<p>Fax: 36\/1\/2107116<\/p>\n<\/div>\n<hr \/>\n<p><strong>Energy efficiency news, information as recommended by ALTEO:<\/strong>\u00a0 <a href=\"http:\/\/chikansplanet.blog.hu\/\" target=\"_blank\" rel=\"noopener\"><b>Chikansplanet Blog<\/b><\/a><\/p>\n\t\t<\/div>\n\t\t\t\t\t<\/div>\n\n\t\n<\/div>\n\t\t<\/div>\n\n\t\t\n<style>\n#section_22281701 {\n  padding-top: 60px;\n  padding-bottom: 60px;\n  background-color: rgb(247, 247, 247);\n}\n<\/style>\n\t<\/section>\n\t\n","protected":false},"excerpt":{"rendered":"","protected":false},"author":1,"featured_media":0,"parent":0,"menu_order":0,"comment_status":"closed","ping_status":"closed","template":"page-blank.php","meta":{"footnotes":""},"class_list":["post-866","page","type-page","status-publish","hentry"],"yoast_head":"<!-- This site is optimized with the Yoast SEO plugin v26.8 - https:\/\/yoast.com\/product\/yoast-seo-wordpress\/ -->\n<title>WHY contract with us? - Altenergy<\/title>\n<meta name=\"robots\" content=\"index, follow, max-snippet:-1, max-image-preview:large, max-video-preview:-1\" \/>\n<link rel=\"canonical\" href=\"https:\/\/altenergy.hu\/en\/why-contract-with-us\/\" \/>\n<meta property=\"og:locale\" content=\"en_US\" \/>\n<meta property=\"og:type\" content=\"article\" \/>\n<meta property=\"og:title\" content=\"WHY contract with us? - Altenergy\" \/>\n<meta property=\"og:url\" content=\"https:\/\/altenergy.hu\/en\/why-contract-with-us\/\" \/>\n<meta property=\"og:site_name\" content=\"Altenergy\" \/>\n<meta property=\"article:modified_time\" content=\"2022-09-26T10:39:14+00:00\" \/>\n<meta name=\"twitter:card\" content=\"summary_large_image\" \/>\n<meta name=\"twitter:label1\" content=\"Est. reading time\" \/>\n\t<meta name=\"twitter:data1\" content=\"4 minutes\" \/>\n<script type=\"application\/ld+json\" class=\"yoast-schema-graph\">{\"@context\":\"https:\/\/schema.org\",\"@graph\":[{\"@type\":\"WebPage\",\"@id\":\"https:\/\/altenergy.hu\/en\/why-contract-with-us\/\",\"url\":\"https:\/\/altenergy.hu\/en\/why-contract-with-us\/\",\"name\":\"WHY contract with us? - Altenergy\",\"isPartOf\":{\"@id\":\"http:\/\/app-app042altener-prod-neu-001.azurewebsites.net\/#website\"},\"datePublished\":\"2022-06-07T09:38:23+00:00\",\"dateModified\":\"2022-09-26T10:39:14+00:00\",\"breadcrumb\":{\"@id\":\"https:\/\/altenergy.hu\/en\/why-contract-with-us\/#breadcrumb\"},\"inLanguage\":\"en-US\",\"potentialAction\":[{\"@type\":\"ReadAction\",\"target\":[\"https:\/\/altenergy.hu\/en\/why-contract-with-us\/\"]}]},{\"@type\":\"BreadcrumbList\",\"@id\":\"https:\/\/altenergy.hu\/en\/why-contract-with-us\/#breadcrumb\",\"itemListElement\":[{\"@type\":\"ListItem\",\"position\":1,\"name\":\"Kezd\u0151lap\",\"item\":\"https:\/\/altenergy.hu\/en\/\"},{\"@type\":\"ListItem\",\"position\":2,\"name\":\"WHY contract with us?\"}]},{\"@type\":\"WebSite\",\"@id\":\"http:\/\/app-app042altener-prod-neu-001.azurewebsites.net\/#website\",\"url\":\"http:\/\/app-app042altener-prod-neu-001.azurewebsites.net\/\",\"name\":\"Altenergy\",\"description\":\"\",\"potentialAction\":[{\"@type\":\"SearchAction\",\"target\":{\"@type\":\"EntryPoint\",\"urlTemplate\":\"http:\/\/app-app042altener-prod-neu-001.azurewebsites.net\/?s={search_term_string}\"},\"query-input\":{\"@type\":\"PropertyValueSpecification\",\"valueRequired\":true,\"valueName\":\"search_term_string\"}}],\"inLanguage\":\"en-US\"}]}<\/script>\n<!-- \/ Yoast SEO plugin. -->","yoast_head_json":{"title":"WHY contract with us? - Altenergy","robots":{"index":"index","follow":"follow","max-snippet":"max-snippet:-1","max-image-preview":"max-image-preview:large","max-video-preview":"max-video-preview:-1"},"canonical":"https:\/\/altenergy.hu\/en\/why-contract-with-us\/","og_locale":"en_US","og_type":"article","og_title":"WHY contract with us? - Altenergy","og_url":"https:\/\/altenergy.hu\/en\/why-contract-with-us\/","og_site_name":"Altenergy","article_modified_time":"2022-09-26T10:39:14+00:00","twitter_card":"summary_large_image","twitter_misc":{"Est. reading time":"4 minutes"},"schema":{"@context":"https:\/\/schema.org","@graph":[{"@type":"WebPage","@id":"https:\/\/altenergy.hu\/en\/why-contract-with-us\/","url":"https:\/\/altenergy.hu\/en\/why-contract-with-us\/","name":"WHY contract with us? - Altenergy","isPartOf":{"@id":"http:\/\/app-app042altener-prod-neu-001.azurewebsites.net\/#website"},"datePublished":"2022-06-07T09:38:23+00:00","dateModified":"2022-09-26T10:39:14+00:00","breadcrumb":{"@id":"https:\/\/altenergy.hu\/en\/why-contract-with-us\/#breadcrumb"},"inLanguage":"en-US","potentialAction":[{"@type":"ReadAction","target":["https:\/\/altenergy.hu\/en\/why-contract-with-us\/"]}]},{"@type":"BreadcrumbList","@id":"https:\/\/altenergy.hu\/en\/why-contract-with-us\/#breadcrumb","itemListElement":[{"@type":"ListItem","position":1,"name":"Kezd\u0151lap","item":"https:\/\/altenergy.hu\/en\/"},{"@type":"ListItem","position":2,"name":"WHY contract with us?"}]},{"@type":"WebSite","@id":"http:\/\/app-app042altener-prod-neu-001.azurewebsites.net\/#website","url":"http:\/\/app-app042altener-prod-neu-001.azurewebsites.net\/","name":"Altenergy","description":"","potentialAction":[{"@type":"SearchAction","target":{"@type":"EntryPoint","urlTemplate":"http:\/\/app-app042altener-prod-neu-001.azurewebsites.net\/?s={search_term_string}"},"query-input":{"@type":"PropertyValueSpecification","valueRequired":true,"valueName":"search_term_string"}}],"inLanguage":"en-US"}]}},"_links":{"self":[{"href":"https:\/\/altenergy.hu\/en\/wp-json\/wp\/v2\/pages\/866","targetHints":{"allow":["GET"]}}],"collection":[{"href":"https:\/\/altenergy.hu\/en\/wp-json\/wp\/v2\/pages"}],"about":[{"href":"https:\/\/altenergy.hu\/en\/wp-json\/wp\/v2\/types\/page"}],"author":[{"embeddable":true,"href":"https:\/\/altenergy.hu\/en\/wp-json\/wp\/v2\/users\/1"}],"replies":[{"embeddable":true,"href":"https:\/\/altenergy.hu\/en\/wp-json\/wp\/v2\/comments?post=866"}],"version-history":[{"count":2,"href":"https:\/\/altenergy.hu\/en\/wp-json\/wp\/v2\/pages\/866\/revisions"}],"predecessor-version":[{"id":868,"href":"https:\/\/altenergy.hu\/en\/wp-json\/wp\/v2\/pages\/866\/revisions\/868"}],"wp:attachment":[{"href":"https:\/\/altenergy.hu\/en\/wp-json\/wp\/v2\/media?parent=866"}],"curies":[{"name":"wp","href":"https:\/\/api.w.org\/{rel}","templated":true}]}}