{"id":949,"date":"2022-06-21T11:58:11","date_gmt":"2022-06-21T09:58:11","guid":{"rendered":"https:\/\/www.altenergy.hu\/power-plants\/mol-petrolkemia-tvk-eromu\/"},"modified":"2022-09-26T17:16:03","modified_gmt":"2022-09-26T15:16:03","slug":"mol-petrolkemia-tvk-power-plant","status":"publish","type":"page","link":"https:\/\/altenergy.hu\/en\/power-plants\/mol-petrolkemia-tvk-power-plant\/","title":{"rendered":"MOL Petrolk\u00e9mia: TVK Power Plant"},"content":{"rendered":"\n  <div class=\"banner has-hover\" id=\"banner-1571385001\">\n          <div class=\"banner-inner fill\">\n        <div class=\"banner-bg fill\" >\n            <img loading=\"lazy\" decoding=\"async\" width=\"960\" height=\"660\" src=\"https:\/\/altenergy.hu\/wp-content\/uploads\/2022\/06\/altenergy-tvk-eromu.jpg\" class=\"bg attachment-original size-original\" alt=\"Altenergy - Er\u0151m\u0171vek - TVK er\u0151m\u0171\" \/>                        <div class=\"overlay\"><\/div>            \n                    <\/div>\n\t\t\n        <div class=\"banner-layers container\">\n            <div class=\"fill banner-link\"><\/div>            \n   <div id=\"text-box-1689828768\" class=\"text-box banner-layer x5 md-x5 lg-x0 y50 md-y50 lg-y50 res-text\">\n                                <div class=\"text-box-content text dark\">\n              \n              <div class=\"text-inner text-left\">\n                  \n\t<div id=\"text-954311766\" class=\"text\">\n\t\t\n<h1><strong>MOL Petrolk\u00e9mia: TVK Power Plant<\/strong><\/h1>\n<p>Industrial power plant<\/p>\n\t\t\n<style>\n#text-954311766 {\n  font-size: 0.75rem;\n}\n@media (min-width:550px) {\n  #text-954311766 {\n    font-size: 0.85rem;\n  }\n}\n<\/style>\n\t<\/div>\n\t\n              <\/div>\n           <\/div>\n                            \n<style>\n#text-box-1689828768 {\n  width: 94%;\n}\n#text-box-1689828768 .text-box-content {\n  font-size: 100%;\n}\n@media (min-width:850px) {\n  #text-box-1689828768 {\n    width: 100%;\n  }\n}\n<\/style>\n    <\/div>\n \n        <\/div>\n      <\/div>\n\n            \n<style>\n#banner-1571385001 {\n  padding-top: 50%;\n}\n#banner-1571385001 .overlay {\n  background-color: rgba(0, 0, 0, 0.3);\n}\n#banner-1571385001 .banner-bg img {\n  object-position: 28% 53%;\n}\n@media (min-width:550px) {\n  #banner-1571385001 {\n    padding-top: 25%;\n  }\n}\n<\/style>\n  <\/div>\n\n\n\n\t<section class=\"section\" id=\"section_2075494020\">\n\t\t<div class=\"section-bg fill\" >\n\t\t\t\t\t\t\t\t\t\n\t\t\t\n\n\t\t<\/div>\n\n\t\t\n\n\t\t<div class=\"section-content relative\">\n\t\t\t\n\n<div class=\"row row-collapse iconrow\"  id=\"row-1340432861\">\n\n\n\t<div id=\"col-180480699\" class=\"col medium-3 small-6 large-3\"  >\n\t\t\t\t<div class=\"col-inner\"  >\n\t\t\t\n\t\t\t\n\n\n\t<a class=\"plain\" href=\"https:\/\/www.altenergy.hu\/en\/request-electricity-quote\/\" >\t<div class=\"icon-box featured-box icon-box-center text-center\"  >\n\t\t\t\t\t<div class=\"icon-box-img has-icon-bg\" style=\"width: 64px\">\n\t\t\t\t<div class=\"icon\">\n\t\t\t\t\t<div class=\"icon-inner\" style=\"border-width:2px;\">\n\t\t\t\t\t\t<img loading=\"lazy\" decoding=\"async\" width=\"64\" height=\"64\" src=\"https:\/\/altenergy.hu\/wp-content\/uploads\/2022\/07\/altenergy-villamosenergia_kiskereskedelem-icon.png\" class=\"attachment-medium size-medium\" alt=\"\" \/>\t\t\t\t\t<\/div>\n\t\t\t\t<\/div>\n\t\t\t<\/div>\n\t\t\t\t<div class=\"icon-box-text last-reset\">\n\t\t\t\t\t\t\t\t\t\n\n\t<div id=\"text-663752576\" class=\"text\">\n\t\t\n\n<p><a href=\"https:\/\/www.altenergy.hu\/en\/request-electricity-quote\/\">Request electricity quote<\/a><\/p>\n\t\t\n<style>\n#text-663752576 {\n  color: rgb(0, 183, 206);\n}\n#text-663752576 > * {\n  color: rgb(0, 183, 206);\n}\n<\/style>\n\t<\/div>\n\t\n\n\t\t<\/div>\n\t<\/div>\n\t<\/a>\n\t\n\n\t\t<\/div>\n\t\t\t\t\t<\/div>\n\n\t\n\n\t<div id=\"col-1707375029\" class=\"col medium-3 small-6 large-3\"  >\n\t\t\t\t<div class=\"col-inner\"  >\n\t\t\t\n\t\t\t\n\n\n\t<a class=\"plain\" href=\"https:\/\/www.altenergy.hu\/en\/request-natural-gas-quote\/\" >\t<div class=\"icon-box featured-box icon-box-center text-center\"  >\n\t\t\t\t\t<div class=\"icon-box-img has-icon-bg\" style=\"width: 64px\">\n\t\t\t\t<div class=\"icon\">\n\t\t\t\t\t<div class=\"icon-inner\" style=\"border-width:2px;\">\n\t\t\t\t\t\t<img loading=\"lazy\" decoding=\"async\" width=\"64\" height=\"64\" src=\"https:\/\/altenergy.hu\/wp-content\/uploads\/2022\/07\/altenergy-foldgaz_kiskereskedelem-icon.png\" class=\"attachment-medium size-medium\" alt=\"\" \/>\t\t\t\t\t<\/div>\n\t\t\t\t<\/div>\n\t\t\t<\/div>\n\t\t\t\t<div class=\"icon-box-text last-reset\">\n\t\t\t\t\t\t\t\t\t\n\n\t<div id=\"text-1315632492\" class=\"text\">\n\t\t\n\n<p><a href=\"https:\/\/www.altenergy.hu\/en\/request-natural-gas-quote\/\">Request natural gas quote<\/a><\/p>\n\t\t\n<style>\n#text-1315632492 {\n  color: rgb(0, 183, 206);\n}\n#text-1315632492 > * {\n  color: rgb(0, 183, 206);\n}\n<\/style>\n\t<\/div>\n\t\n\n\t\t<\/div>\n\t<\/div>\n\t<\/a>\n\t\n\n\t\t<\/div>\n\t\t\t\t\t<\/div>\n\n\t\n\n\t<div id=\"col-432353487\" class=\"col medium-3 small-6 large-3\"  >\n\t\t\t\t<div class=\"col-inner\"  >\n\t\t\t\n\t\t\t\n\n\n\t<a class=\"plain\" href=\"https:\/\/www.altenergy.hu\/en\/contact\/\" >\t<div class=\"icon-box featured-box icon-box-center text-center\"  >\n\t\t\t\t\t<div class=\"icon-box-img has-icon-bg\" style=\"width: 64px\">\n\t\t\t\t<div class=\"icon\">\n\t\t\t\t\t<div class=\"icon-inner\" style=\"border-width:2px;\">\n\t\t\t\t\t\t<img loading=\"lazy\" decoding=\"async\" width=\"64\" height=\"64\" src=\"https:\/\/altenergy.hu\/wp-content\/uploads\/2022\/07\/altenergy-kontakt-icon.png\" class=\"attachment-medium size-medium\" alt=\"\" \/>\t\t\t\t\t<\/div>\n\t\t\t\t<\/div>\n\t\t\t<\/div>\n\t\t\t\t<div class=\"icon-box-text last-reset\">\n\t\t\t\t\t\t\t\t\t\n\n\t<div id=\"text-338728401\" class=\"text\">\n\t\t\n\n<p><a href=\"https:\/\/www.altenergy.hu\/en\/contact\/\">Contact details<\/a><\/p>\n\t\t\n<style>\n#text-338728401 {\n  color: rgb(0, 183, 206);\n}\n#text-338728401 > * {\n  color: rgb(0, 183, 206);\n}\n<\/style>\n\t<\/div>\n\t\n\n\t\t<\/div>\n\t<\/div>\n\t<\/a>\n\t\n\n\t\t<\/div>\n\t\t\t\t\t<\/div>\n\n\t\n\n\t<div id=\"col-740849861\" class=\"col medium-3 small-6 large-3\"  >\n\t\t\t\t<div class=\"col-inner\"  >\n\t\t\t\n\t\t\t\n\n\n\t<a class=\"plain\" href=\"https:\/\/ugyfelkapu.alteo.hu\/\" target=\"_blank\" rel=\"noopener\" >\t<div class=\"icon-box featured-box icon-box-center text-center\"  >\n\t\t\t\t\t<div class=\"icon-box-img has-icon-bg\" style=\"width: 64px\">\n\t\t\t\t<div class=\"icon\">\n\t\t\t\t\t<div class=\"icon-inner\" style=\"border-width:2px;\">\n\t\t\t\t\t\t<img loading=\"lazy\" decoding=\"async\" width=\"64\" height=\"64\" src=\"https:\/\/altenergy.hu\/wp-content\/uploads\/2022\/07\/altenergy-ugyfelkapu-icon.png\" class=\"attachment-medium size-medium\" alt=\"\" \/>\t\t\t\t\t<\/div>\n\t\t\t\t<\/div>\n\t\t\t<\/div>\n\t\t\t\t<div class=\"icon-box-text last-reset\">\n\t\t\t\t\t\t\t\t\t\n\n\t<div id=\"text-92449981\" class=\"text\">\n\t\t\n\n<p><a href=\"https:\/\/ugyfelkapu.alteo.hu\/\" target=\"_blank\" rel=\"noopener\">Client area<\/a><\/p>\n\t\t\n<style>\n#text-92449981 {\n  color: rgb(0, 183, 206);\n}\n#text-92449981 > * {\n  color: rgb(0, 183, 206);\n}\n<\/style>\n\t<\/div>\n\t\n\n\t\t<\/div>\n\t<\/div>\n\t<\/a>\n\t\n\n\t\t<\/div>\n\t\t\t\t\t<\/div>\n\n\t\n\n<\/div>\n\n\t\t<\/div>\n\n\t\t\n<style>\n#section_2075494020 {\n  padding-top: 30px;\n  padding-bottom: 30px;\n  background-color: rgb(244, 244, 244);\n}\n<\/style>\n\t<\/section>\n\t\n\t<div id=\"gap-1690250427\" class=\"gap-element clearfix\" style=\"display:block; height:auto;\">\n\t\t\n<style>\n#gap-1690250427 {\n  padding-top: 60px;\n}\n<\/style>\n\t<\/div>\n\t\n<div class=\"row\"  id=\"row-366321718\">\n\n\t<div id=\"col-636455840\" class=\"col medium-6 small-12 large-6\"  >\n\t\t\t\t<div class=\"col-inner\"  >\n\t\t\t\n\t\t\t\n<p><strong>Investment:\u00a0<\/strong>Implementation of the TVK industrial power plant, long-term operation and maintenance of the power plant<\/p>\n<p><strong>Customer:\u00a0<\/strong>TVK-Er\u0151m\u0171 kft.<\/p>\n<p><strong>Investment amount:\u00a0<\/strong>EUR 53.4 million<\/p>\n<p><strong>Project implementation period:\u00a0<\/strong>2002 \u2013 2004<\/p>\n<p><strong>Project implementation site:\u00a0<\/strong>Tisza\u00fajv\u00e1ros, MOL Petrolk\u00e9mia Zrt.<\/p>\n<p>MOL Petrolk\u00e9mia Zrt. is a leading chemical company in Central Europe. As a result of the high energy and water demand of chemical processes, it is one of the largest heat and desalinated water consumers in Hungary.<\/p>\n<p>In order to reduce energy costs, and considering the decommissioning of the nearby Tiszapalkonya power plant, MOL Petrolk\u00e9mia Zrt. founded TVK-Er\u0151m\u0171 Kft. in cooperation with \u00c9szak-magyarorsz\u00e1gi \u00c1ramszolg\u00e1ltat\u00f3 Nyrt. in 2001 planned to implement an industrial power plant investment project.<\/p>\n<p>Sinergy Kft. (part of the ALTEO Group since May 2015) participated in the development of the investment project as a technical and financial expert. The ALTEO Group currently conducts the operation and maintenance of the power plant with its own staff based on a long-term contract.<\/p>\n<p>The power plant is based on a combined-cycle unit consisting of a gas turbine, a co-fired heat recovery steam boiler and a condensing steam turbine. In addition, three subsidiary boilers provide backup and peak steam production capacity.<\/p>\n<p>The power plant covers the entire steam demand of MOL Petrolk\u00e9mia Zrt., supplies its heating system and produces a significant part of its electricity demand. Moreover, it also provides steam to Mol Nyrt\u2019s Tisza Refinery.<\/p>\n\t\t<\/div>\n\t\t\t\t\t<\/div>\n\n\t\n\n\t<div id=\"col-1277660635\" class=\"col medium-6 small-12 large-6\"  >\n\t\t\t\t<div class=\"col-inner\"  >\n\t\t\t\n\t\t\t\n\t<div class=\"img has-hover x md-x lg-x y md-y lg-y\" id=\"image_1423353397\">\n\t\t\t\t\t\t\t\t<div class=\"img-inner dark\" >\n\t\t\t<img loading=\"lazy\" decoding=\"async\" width=\"960\" height=\"660\" src=\"https:\/\/altenergy.hu\/wp-content\/uploads\/2022\/06\/altenergy-tvk-eromu.jpg\" class=\"attachment-large size-large\" alt=\"Altenergy - Er\u0151m\u0171vek - TVK er\u0151m\u0171\" srcset=\"https:\/\/altenergy.hu\/wp-content\/uploads\/2022\/06\/altenergy-tvk-eromu.jpg 960w, https:\/\/altenergy.hu\/wp-content\/uploads\/2022\/06\/altenergy-tvk-eromu-300x206.jpg 300w, https:\/\/altenergy.hu\/wp-content\/uploads\/2022\/06\/altenergy-tvk-eromu-768x528.jpg 768w\" sizes=\"auto, (max-width: 960px) 100vw, 960px\" \/>\t\t\t\t\t\t\n\t\t\t\t\t<\/div>\n\t\t\t\t\t\t\t\t\n<style>\n#image_1423353397 {\n  width: 100%;\n}\n<\/style>\n\t<\/div>\n\t\n\t\t<\/div>\n\t\t\t\t\t<\/div>\n\n\t\n<\/div>\n","protected":false},"excerpt":{"rendered":"","protected":false},"author":1,"featured_media":0,"parent":800,"menu_order":0,"comment_status":"closed","ping_status":"closed","template":"page-blank.php","meta":{"footnotes":""},"class_list":["post-949","page","type-page","status-publish","hentry"],"yoast_head":"<!-- This site is optimized with the Yoast SEO plugin v26.8 - https:\/\/yoast.com\/product\/yoast-seo-wordpress\/ -->\n<title>MOL Petrolk\u00e9mia: TVK Power Plant - Altenergy<\/title>\n<meta name=\"robots\" content=\"index, follow, max-snippet:-1, max-image-preview:large, max-video-preview:-1\" \/>\n<link rel=\"canonical\" href=\"https:\/\/app-app042altener-prod-neu-001.azurewebsites.net\/en\/power-plants\/mol-petrolkemia-tvk-power-plant\/\" \/>\n<meta property=\"og:locale\" content=\"en_US\" \/>\n<meta property=\"og:type\" content=\"article\" \/>\n<meta property=\"og:title\" content=\"MOL Petrolk\u00e9mia: TVK Power Plant - Altenergy\" \/>\n<meta property=\"og:url\" content=\"https:\/\/app-app042altener-prod-neu-001.azurewebsites.net\/en\/power-plants\/mol-petrolkemia-tvk-power-plant\/\" \/>\n<meta property=\"og:site_name\" content=\"Altenergy\" \/>\n<meta property=\"article:modified_time\" content=\"2022-09-26T15:16:03+00:00\" \/>\n<meta name=\"twitter:card\" content=\"summary_large_image\" \/>\n<meta name=\"twitter:label1\" content=\"Est. reading time\" \/>\n\t<meta name=\"twitter:data1\" content=\"2 minutes\" \/>\n<script type=\"application\/ld+json\" class=\"yoast-schema-graph\">{\"@context\":\"https:\/\/schema.org\",\"@graph\":[{\"@type\":\"WebPage\",\"@id\":\"https:\/\/app-app042altener-prod-neu-001.azurewebsites.net\/en\/power-plants\/mol-petrolkemia-tvk-power-plant\/\",\"url\":\"https:\/\/app-app042altener-prod-neu-001.azurewebsites.net\/en\/power-plants\/mol-petrolkemia-tvk-power-plant\/\",\"name\":\"MOL Petrolk\u00e9mia: TVK Power Plant - Altenergy\",\"isPartOf\":{\"@id\":\"http:\/\/app-app042altener-prod-neu-001.azurewebsites.net\/#website\"},\"datePublished\":\"2022-06-21T09:58:11+00:00\",\"dateModified\":\"2022-09-26T15:16:03+00:00\",\"breadcrumb\":{\"@id\":\"https:\/\/app-app042altener-prod-neu-001.azurewebsites.net\/en\/power-plants\/mol-petrolkemia-tvk-power-plant\/#breadcrumb\"},\"inLanguage\":\"en-US\",\"potentialAction\":[{\"@type\":\"ReadAction\",\"target\":[\"https:\/\/app-app042altener-prod-neu-001.azurewebsites.net\/en\/power-plants\/mol-petrolkemia-tvk-power-plant\/\"]}]},{\"@type\":\"BreadcrumbList\",\"@id\":\"https:\/\/app-app042altener-prod-neu-001.azurewebsites.net\/en\/power-plants\/mol-petrolkemia-tvk-power-plant\/#breadcrumb\",\"itemListElement\":[{\"@type\":\"ListItem\",\"position\":1,\"name\":\"Kezd\u0151lap\",\"item\":\"https:\/\/altenergy.hu\/en\/\"},{\"@type\":\"ListItem\",\"position\":2,\"name\":\"Power plants\",\"item\":\"https:\/\/app-app042altener-prod-neu-001.azurewebsites.net\/en\/power-plants\/\"},{\"@type\":\"ListItem\",\"position\":3,\"name\":\"MOL Petrolk\u00e9mia: TVK Power Plant\"}]},{\"@type\":\"WebSite\",\"@id\":\"http:\/\/app-app042altener-prod-neu-001.azurewebsites.net\/#website\",\"url\":\"http:\/\/app-app042altener-prod-neu-001.azurewebsites.net\/\",\"name\":\"Altenergy\",\"description\":\"\",\"potentialAction\":[{\"@type\":\"SearchAction\",\"target\":{\"@type\":\"EntryPoint\",\"urlTemplate\":\"http:\/\/app-app042altener-prod-neu-001.azurewebsites.net\/?s={search_term_string}\"},\"query-input\":{\"@type\":\"PropertyValueSpecification\",\"valueRequired\":true,\"valueName\":\"search_term_string\"}}],\"inLanguage\":\"en-US\"}]}<\/script>\n<!-- \/ Yoast SEO plugin. -->","yoast_head_json":{"title":"MOL Petrolk\u00e9mia: TVK Power Plant - Altenergy","robots":{"index":"index","follow":"follow","max-snippet":"max-snippet:-1","max-image-preview":"max-image-preview:large","max-video-preview":"max-video-preview:-1"},"canonical":"https:\/\/app-app042altener-prod-neu-001.azurewebsites.net\/en\/power-plants\/mol-petrolkemia-tvk-power-plant\/","og_locale":"en_US","og_type":"article","og_title":"MOL Petrolk\u00e9mia: TVK Power Plant - Altenergy","og_url":"https:\/\/app-app042altener-prod-neu-001.azurewebsites.net\/en\/power-plants\/mol-petrolkemia-tvk-power-plant\/","og_site_name":"Altenergy","article_modified_time":"2022-09-26T15:16:03+00:00","twitter_card":"summary_large_image","twitter_misc":{"Est. reading time":"2 minutes"},"schema":{"@context":"https:\/\/schema.org","@graph":[{"@type":"WebPage","@id":"https:\/\/app-app042altener-prod-neu-001.azurewebsites.net\/en\/power-plants\/mol-petrolkemia-tvk-power-plant\/","url":"https:\/\/app-app042altener-prod-neu-001.azurewebsites.net\/en\/power-plants\/mol-petrolkemia-tvk-power-plant\/","name":"MOL Petrolk\u00e9mia: TVK Power Plant - Altenergy","isPartOf":{"@id":"http:\/\/app-app042altener-prod-neu-001.azurewebsites.net\/#website"},"datePublished":"2022-06-21T09:58:11+00:00","dateModified":"2022-09-26T15:16:03+00:00","breadcrumb":{"@id":"https:\/\/app-app042altener-prod-neu-001.azurewebsites.net\/en\/power-plants\/mol-petrolkemia-tvk-power-plant\/#breadcrumb"},"inLanguage":"en-US","potentialAction":[{"@type":"ReadAction","target":["https:\/\/app-app042altener-prod-neu-001.azurewebsites.net\/en\/power-plants\/mol-petrolkemia-tvk-power-plant\/"]}]},{"@type":"BreadcrumbList","@id":"https:\/\/app-app042altener-prod-neu-001.azurewebsites.net\/en\/power-plants\/mol-petrolkemia-tvk-power-plant\/#breadcrumb","itemListElement":[{"@type":"ListItem","position":1,"name":"Kezd\u0151lap","item":"https:\/\/altenergy.hu\/en\/"},{"@type":"ListItem","position":2,"name":"Power plants","item":"https:\/\/app-app042altener-prod-neu-001.azurewebsites.net\/en\/power-plants\/"},{"@type":"ListItem","position":3,"name":"MOL Petrolk\u00e9mia: TVK Power Plant"}]},{"@type":"WebSite","@id":"http:\/\/app-app042altener-prod-neu-001.azurewebsites.net\/#website","url":"http:\/\/app-app042altener-prod-neu-001.azurewebsites.net\/","name":"Altenergy","description":"","potentialAction":[{"@type":"SearchAction","target":{"@type":"EntryPoint","urlTemplate":"http:\/\/app-app042altener-prod-neu-001.azurewebsites.net\/?s={search_term_string}"},"query-input":{"@type":"PropertyValueSpecification","valueRequired":true,"valueName":"search_term_string"}}],"inLanguage":"en-US"}]}},"_links":{"self":[{"href":"https:\/\/altenergy.hu\/en\/wp-json\/wp\/v2\/pages\/949","targetHints":{"allow":["GET"]}}],"collection":[{"href":"https:\/\/altenergy.hu\/en\/wp-json\/wp\/v2\/pages"}],"about":[{"href":"https:\/\/altenergy.hu\/en\/wp-json\/wp\/v2\/types\/page"}],"author":[{"embeddable":true,"href":"https:\/\/altenergy.hu\/en\/wp-json\/wp\/v2\/users\/1"}],"replies":[{"embeddable":true,"href":"https:\/\/altenergy.hu\/en\/wp-json\/wp\/v2\/comments?post=949"}],"version-history":[{"count":3,"href":"https:\/\/altenergy.hu\/en\/wp-json\/wp\/v2\/pages\/949\/revisions"}],"predecessor-version":[{"id":952,"href":"https:\/\/altenergy.hu\/en\/wp-json\/wp\/v2\/pages\/949\/revisions\/952"}],"up":[{"embeddable":true,"href":"https:\/\/altenergy.hu\/en\/wp-json\/wp\/v2\/pages\/800"}],"wp:attachment":[{"href":"https:\/\/altenergy.hu\/en\/wp-json\/wp\/v2\/media?parent=949"}],"curies":[{"name":"wp","href":"https:\/\/api.w.org\/{rel}","templated":true}]}}